{"id":970,"date":"2023-11-29T13:02:52","date_gmt":"2023-11-29T12:02:52","guid":{"rendered":"https:\/\/owh.de\/vtb-bank-europe-se-i-l-aendert-namen-in-owh-se-i-l\/"},"modified":"2023-12-13T10:30:27","modified_gmt":"2023-12-13T09:30:27","slug":"vtb-bank-europe-se-i-l-aendert-namen-in-owh-se-i-l","status":"publish","type":"page","link":"https:\/\/owh.de\/de\/vtb-bank-europe-se-i-l-aendert-namen-in-owh-se-i-l\/","title":{"rendered":"Bank \u00e4ndert Namen in OWH SE i.L."},"content":{"rendered":"\n<p class=\"has-neue-helvetica-55-roman-font-family\"><strong>Die VTB Bank (Europe) SE i.L. will zum Jahreswechsel 2023\/24 ihren Namen \u00e4ndern.<\/strong><\/p>\n\n\n\n<p class=\"has-neue-helvetica-55-roman-font-family\">9.11.2023<\/p>\n\n\n\n<p class=\"has-neue-helvetica-55-roman-font-family\">Die Frankfurter VTB Bank (Europe) SE i.L.\u2013 abgek\u00fcrzt VTBE &#8211; will zum Jahreswechsel 2023\/24 ihren Namen \u00e4ndern. Sie soll ab dem 1. Januar 2024 unter der Firma OWH SE i.L. weiter abgewickelt werden. Ein entsprechender Vorschlag zur \u00c4nderung der Firmierung ist der einzige Tagesordnungspunkt einer f\u00fcr den 11. Dezember 2023 einberufenen au\u00dferordentlichen Hauptversammlung. Die Bezeichnung OWH stammt von der Ost-West Handelsbank AG, einem Vorg\u00e4ngerinstitut der VTBE. Das K\u00fcrzel OWH war immer schon ein Bestandteil des Swift-Codes der VTBE, der auch von der OWH SE i.L. weiterhin genutzt werden soll.<\/p>\n\n\n\n<p class=\"has-neue-helvetica-55-roman-font-family\">Ein dem Beschluss der Hauptversammlung folgender Eintrag im Handelsregister befindet sich in Vorbereitung. Mit der \u00c4nderung des Namens werden ab Januar 2024 eine neue Webadresse (<a href=\"https:\/\/www.owh.de\/\">www.owh.de<\/a>) sowie Emailadressen aller Mitarbeiter und weiterer Postf\u00e4cher eingerichtet. Die bisherige Endung @vtb.eu wird durch @owh.de ersetzt. F\u00fcr die Gesch\u00e4ftsbeziehungen mit den noch verbliebenen rund 250 Kunden der VTBE \u2013 beziehungsweise dann ab 2024 der OWH i.L. &#8211; hat die Namens\u00e4nderung keine weiteren Auswirkungen. Alle vertraglichen Rechte und Verpflichtungen bleiben auf beiden Seiten bestehen.&nbsp;&nbsp;&nbsp;<\/p>\n\n\n\n<p class=\"has-neue-helvetica-55-roman-font-family\">Hintergrund des Namenswechsels ist der Verlust der Nutzungsrechte an der Marke VTB. Die VTBE mit Sitz in Frankfurt am Main geh\u00f6rt mehrheitlich der russischen PJSC VTB Bank in St. Petersburg, die bereits am 8. April 2022 von der Europ\u00e4ischen Union in die Gruppe der sanktionierten Unternehmen aufgenommen worden war. Ebenfalls im April 2022 untersagte die Bundesanstalt f\u00fcr Finanzdienstleistungsaufsicht (BaFin) der PJSC VTB Bank die Aus\u00fcbung ihrer Stimmrechte und wies die Gesch\u00e4ftsleitung der VTBE an, keine Weisungen der Eigent\u00fcmerin mehr zu befolgen. Die VTBE befindet sich angesichts eines von der BaFin verh\u00e4ngten Neugesch\u00e4ftsverbots faktisch und seit der von der Hauptversammlung beschlossenen Liquidation auch rechtlich in der Abwicklung. Die Stimmrechte werden von einem gerichtlich bestellten Treuh\u00e4nder ausge\u00fcbt.<\/p>\n","protected":false},"excerpt":{"rendered":"<p>Die VTB Bank (Europe) SE i.L. will zum Jahreswechsel 2023\/24 ihren Namen \u00e4ndern. 9.11.2023 Die Frankfurter VTB Bank (Europe) SE i.L.\u2013 abgek\u00fcrzt VTBE &#8211; will zum Jahreswechsel 2023\/24 ihren Namen \u00e4ndern. Sie soll ab dem 1. Januar 2024 unter der Firma OWH SE i.L. weiter abgewickelt werden. Ein entsprechender Vorschlag zur \u00c4nderung der Firmierung ist [&hellip;]<\/p>\n","protected":false},"author":2,"featured_media":0,"parent":0,"menu_order":0,"comment_status":"closed","ping_status":"closed","template":"","meta":{"footnotes":""},"class_list":["post-970","page","type-page","status-publish","hentry"],"jetpack_sharing_enabled":true,"_links":{"self":[{"href":"https:\/\/owh.de\/de\/wp-json\/wp\/v2\/pages\/970","targetHints":{"allow":["GET"]}}],"collection":[{"href":"https:\/\/owh.de\/de\/wp-json\/wp\/v2\/pages"}],"about":[{"href":"https:\/\/owh.de\/de\/wp-json\/wp\/v2\/types\/page"}],"author":[{"embeddable":true,"href":"https:\/\/owh.de\/de\/wp-json\/wp\/v2\/users\/2"}],"replies":[{"embeddable":true,"href":"https:\/\/owh.de\/de\/wp-json\/wp\/v2\/comments?post=970"}],"version-history":[{"count":5,"href":"https:\/\/owh.de\/de\/wp-json\/wp\/v2\/pages\/970\/revisions"}],"predecessor-version":[{"id":1116,"href":"https:\/\/owh.de\/de\/wp-json\/wp\/v2\/pages\/970\/revisions\/1116"}],"wp:attachment":[{"href":"https:\/\/owh.de\/de\/wp-json\/wp\/v2\/media?parent=970"}],"curies":[{"name":"wp","href":"https:\/\/api.w.org\/{rel}","templated":true}]}}