{"id":725,"date":"2023-10-19T13:05:27","date_gmt":"2023-10-19T11:05:27","guid":{"rendered":"https:\/\/owh.de\/die-lage-der-vtb-bank-europe-se-hat-sich-stabilisiert\/"},"modified":"2023-12-13T11:02:11","modified_gmt":"2023-12-13T10:02:11","slug":"die-lage-der-vtb-bank-europe-se-hat-sich-stabilisiert","status":"publish","type":"page","link":"https:\/\/owh.de\/de\/die-lage-der-vtb-bank-europe-se-hat-sich-stabilisiert\/","title":{"rendered":"Die Lage bei der VTB (Europe) SE hat sich stabilisiert"},"content":{"rendered":"\n<p><strong>Nach vier turbulenten Monaten \u00e4u\u00dfert sich der Vorstand der VTBE zufrieden \u00fcber die aktuelle Lage der Bank.<\/strong><\/p>\n\n\n\n<p>29.06.2022<\/p>\n\n\n\n<p>Die kritische Situation, in die die VTB Bank (Europe) SE (VTBE) in Frankfurt unmittelbar nach der Invasion Russlands in der Ukraine geraten war, konnte in den vergangenen Wochen durch das neu eingesetzte Management erfolgreich bew\u00e4ltigt werden. \u201eDie Liquidit\u00e4tssituation der Bank ist stabil, wir haben die starken Abfl\u00fcsse von Einlagen, die durch fristgerechte K\u00fcndigungen von Tages- und Festgeldern entstanden sind, ohne un\u00fcberwindbare Probleme verkraften k\u00f6nnen,\u201c sagt der seit April als Sonderbeauftragter der Bundesanstalt f\u00fcr Finanzdienstleistungen (BaFin) eingesetzte CEO Frank Hellwig. Insgesamt haben sich die Kundeneinlagen bei der VTBE von 4,1 Milliarden Euro zum Jahresende 2021 auf 2,4 Milliarden Euro Ende Mai 2022 reduziert. \u201eAuch die Irritationen, die dadurch entstanden waren, dass einzelne Banken von der VTBE an sie ausgezahlte Guthaben unserer Sparer nicht annehmen wollten, aus Angst davor, sie k\u00f6nnten damit gegen Sanktionen versto\u00dfen, sind nahezu vollst\u00e4ndig ausger\u00e4umt.\u201c<\/p>\n\n\n\n<p>In wenigen F\u00e4llen war es dadurch zu unerfreulichen Verz\u00f6gerungen bei der Auszahlung von Guthaben von Tages- oder Festgeldkonten gekommen, die die VTBE nicht zu verantworten hatte. Teils wurden ausgezahlte Kundengelder von den Korrespondenzbanken an die VTBE zur\u00fcck\u00fcberwiesen, teils aber auch dort eingefroren und nicht sofort an die Berechtigten ausgezahlt. Inzwischen hat sich aber bei den Marktteilnehmern weitgehend die Erkenntnis durchgesetzt, dass die VTBE keine in Europa sanktionierte Bank ist. Das hat auch die Bundesbank noch einmal ausdr\u00fccklich festgestellt. Der Muttergesellschaft in Russland, der PJSC VTB Bank mit Hauptsitz in Sankt Petersburg, wurden zudem mittlerweile die Stimmrechte f\u00fcr die VTBE entzogen. Das Management der VTBE in Frankfurt darf keine Weisungen aus Russland entgegennehmen, der Aufsichtsrat wurde neu konstituiert, s\u00e4mtliche Vertreter der russischen Muttergesellschaft haben ihn verlassen.<\/p>\n\n\n\n<p>Auch auf der Kreditseite hat sich die Lage weitgehend beruhigt. \u201eEs gab einzelne Kunden oder Agenten, die wegen der Sanktionen gegen die russische Muttergesellschaft f\u00e4llige Zins- und Tilgungszahlungen an uns einstellten oder zur\u00fcckhielten,\u201c sagt CFO Miro Zadro, \u201edoch durch das starke Engagement unserer Mitarbeiter, die jedem f\u00e4lligen Kredit hinterhertelefonieren und teils sehr kreative L\u00f6sungen f\u00fcr die R\u00fcckzahlungen gefunden haben, lie\u00df sich das Volumen der r\u00fcckst\u00e4ndigen Zahlungen im Griff halten. Wir haben derzeit jedenfalls keinen Besorgnis erregenden Anstieg von \u00fcberf\u00e4lligen Zahlungen zu verzeichnen. Die VTBE ist nach wie vor sehr gut mit Kapital und Barreserven ausgestattet, um auch weiterhin alle regulatorischen Verpflichtungen erf\u00fcllen zu k\u00f6nnen.\u201c<\/p>\n","protected":false},"excerpt":{"rendered":"<p>Nach vier turbulenten Monaten \u00e4u\u00dfert sich der Vorstand der VTBE zufrieden \u00fcber die aktuelle Lage der Bank. 29.06.2022 Die kritische Situation, in die die VTB Bank (Europe) SE (VTBE) in Frankfurt unmittelbar nach der Invasion Russlands in der Ukraine geraten war, konnte in den vergangenen Wochen durch das neu eingesetzte Management erfolgreich bew\u00e4ltigt werden. \u201eDie [&hellip;]<\/p>\n","protected":false},"author":2,"featured_media":0,"parent":0,"menu_order":0,"comment_status":"closed","ping_status":"closed","template":"","meta":{"footnotes":""},"class_list":["post-725","page","type-page","status-publish","hentry"],"jetpack_sharing_enabled":true,"_links":{"self":[{"href":"https:\/\/owh.de\/de\/wp-json\/wp\/v2\/pages\/725","targetHints":{"allow":["GET"]}}],"collection":[{"href":"https:\/\/owh.de\/de\/wp-json\/wp\/v2\/pages"}],"about":[{"href":"https:\/\/owh.de\/de\/wp-json\/wp\/v2\/types\/page"}],"author":[{"embeddable":true,"href":"https:\/\/owh.de\/de\/wp-json\/wp\/v2\/users\/2"}],"replies":[{"embeddable":true,"href":"https:\/\/owh.de\/de\/wp-json\/wp\/v2\/comments?post=725"}],"version-history":[{"count":4,"href":"https:\/\/owh.de\/de\/wp-json\/wp\/v2\/pages\/725\/revisions"}],"predecessor-version":[{"id":1138,"href":"https:\/\/owh.de\/de\/wp-json\/wp\/v2\/pages\/725\/revisions\/1138"}],"wp:attachment":[{"href":"https:\/\/owh.de\/de\/wp-json\/wp\/v2\/media?parent=725"}],"curies":[{"name":"wp","href":"https:\/\/api.w.org\/{rel}","templated":true}]}}