{"id":720,"date":"2023-10-19T13:03:23","date_gmt":"2023-10-19T11:03:23","guid":{"rendered":"https:\/\/owh.de\/ausschluss-aus-dem-afb-in-deutschland-hat-keine-auswirkungen-auf-vtbe\/"},"modified":"2023-12-13T10:55:39","modified_gmt":"2023-12-13T09:55:39","slug":"ausschluss-aus-dem-afb-in-deutschland-hat-keine-auswirkungen-auf-vtbe","status":"publish","type":"page","link":"https:\/\/owh.de\/de\/ausschluss-aus-dem-afb-in-deutschland-hat-keine-auswirkungen-auf-vtbe\/","title":{"rendered":"Ausschluss vom Verband ohne Auswirkungen"},"content":{"rendered":"\n<p><strong>Der Ausschluss aus dem Verband der Auslandsbanken in Deutschland hat keine Auswirkungen auf die VTB Bank (Europe) SE<\/strong>.<\/p>\n\n\n\n<p>04.07.2022<\/p>\n\n\n\n<p>Der Vorstand der&nbsp;<strong>VTB (Europe) SE (VTBE)<\/strong>&nbsp;erkennt keine Auswirkungen des auf der Mitgliederversammlung des Verbandes der Auslandsbanken in Deutschland (VAB) getroffenen Beschlusses, die VTBE aus dem Verband auszuschlie\u00dfen. Bereits Anfang M\u00e4rz war die VTBE als Mitglied des Verbands suspendiert worden. \u201eDieser Beschluss war unn\u00f6tig, denn die VTBE ist der Kontrolle ihrer russischen Muttergesellschaft l\u00e4ngst komplett entzogen worden und besch\u00e4ftigt sich derzeit unter deutscher Aufsicht und mit einem neu formierten Aufsichtsrat allein mit der ordnungsgem\u00e4\u00dfen Abwicklung ihrer Kundenbeziehungen,\u201c sagt&nbsp;<strong>CEO Frank Hellwig<\/strong>, der von der Bundesanstalt f\u00fcr Finanzdienstleistungen (BaFin) eingesetzte Sonderbeauftragte bei der VTBE. \u201eDer Beschluss des VAB hat keinen Einfluss auf unsere aktuelle Situation, die nach wie vor stabil ist.\u201c&nbsp;<br><br>Im Zusammenhang mit der Diskussion um internationale Sanktionen im Finanzsektor hatte die Deutsche Bundesbank bereits am 9. April ausdr\u00fccklich festgestellt, dass Zahlungen an die VTBE zul\u00e4ssig sind, es sei denn, f\u00fcr den Zahler w\u00e4re vorab erkennbar, dass diese verbotswidrig an die russische Muttergesellschaft oder eine andere gelistete Person weitergeleitet werden sollen. \u201eWir konnten zusammen mit der Bundesbank l\u00e4ngst umfangreiche Mechanismen etablieren, die genau dies zuverl\u00e4ssig verhindern,\u201c sagt CEO Hellwig, \u201eund unsere Gesch\u00e4ftspartner und Korrespondenzbanken haben die anfangs verst\u00e4ndliche Verunsicherung wegen bef\u00fcrchteter Sanktionen l\u00e4ngst \u00fcberwunden und sind zu einem normalen Gesch\u00e4ftsverkehr mit der VTBE zur\u00fcckgekehrt.\u201c&nbsp;<\/p>\n\n\n\n<p>Dar\u00fcber hinaus hat der Beschluss des VAB nat\u00fcrlich keinen Einfluss auf die umfangreiche Absicherung der Kunden der VTBE und VTB Direktbank \u00fcber die deutsche Einlagensicherung, die im bisherigen Umfang voll bestehen bleibt.<\/p>\n","protected":false},"excerpt":{"rendered":"<p>Der Ausschluss aus dem Verband der Auslandsbanken in Deutschland hat keine Auswirkungen auf die VTB Bank (Europe) SE. 04.07.2022 Der Vorstand der&nbsp;VTB (Europe) SE (VTBE)&nbsp;erkennt keine Auswirkungen des auf der Mitgliederversammlung des Verbandes der Auslandsbanken in Deutschland (VAB) getroffenen Beschlusses, die VTBE aus dem Verband auszuschlie\u00dfen. Bereits Anfang M\u00e4rz war die VTBE als Mitglied des [&hellip;]<\/p>\n","protected":false},"author":2,"featured_media":0,"parent":0,"menu_order":0,"comment_status":"closed","ping_status":"closed","template":"","meta":{"footnotes":""},"class_list":["post-720","page","type-page","status-publish","hentry"],"jetpack_sharing_enabled":true,"_links":{"self":[{"href":"https:\/\/owh.de\/de\/wp-json\/wp\/v2\/pages\/720","targetHints":{"allow":["GET"]}}],"collection":[{"href":"https:\/\/owh.de\/de\/wp-json\/wp\/v2\/pages"}],"about":[{"href":"https:\/\/owh.de\/de\/wp-json\/wp\/v2\/types\/page"}],"author":[{"embeddable":true,"href":"https:\/\/owh.de\/de\/wp-json\/wp\/v2\/users\/2"}],"replies":[{"embeddable":true,"href":"https:\/\/owh.de\/de\/wp-json\/wp\/v2\/comments?post=720"}],"version-history":[{"count":4,"href":"https:\/\/owh.de\/de\/wp-json\/wp\/v2\/pages\/720\/revisions"}],"predecessor-version":[{"id":1133,"href":"https:\/\/owh.de\/de\/wp-json\/wp\/v2\/pages\/720\/revisions\/1133"}],"wp:attachment":[{"href":"https:\/\/owh.de\/de\/wp-json\/wp\/v2\/media?parent=720"}],"curies":[{"name":"wp","href":"https:\/\/api.w.org\/{rel}","templated":true}]}}