{"id":715,"date":"2023-10-19T13:00:28","date_gmt":"2023-10-19T11:00:28","guid":{"rendered":"https:\/\/owh.de\/erfolgreiche-trennung-des-it-systems-von-moskau\/"},"modified":"2023-12-13T10:53:25","modified_gmt":"2023-12-13T09:53:25","slug":"erfolgreiche-trennung-des-it-systems-von-moskau","status":"publish","type":"page","link":"https:\/\/owh.de\/de\/erfolgreiche-trennung-des-it-systems-von-moskau\/","title":{"rendered":"Erfolgreiche Trennung der IT-Systeme von Moskau"},"content":{"rendered":"\n<p><strong>VTB Bank (Europe) SE meldet erfolgreiche Trennung der IT-Systeme von Moskau<\/strong>.<\/p>\n\n\n\n<p>18.07.2022<\/p>\n\n\n\n<p>Die&nbsp;<strong>VTB Bank (Europe) SE (VTBE)<\/strong>&nbsp;mit Sitz in Frankfurt konnte innerhalb von nur wenigen Monaten bisher in Moskau erbrachte umfangreiche IT-Dienstleistungen jetzt vollst\u00e4ndig selbst \u00fcbernehmen oder an neue Dienstleister \u00fcbertragen. Damit ist der weitere geordnete Betrieb der mit einer deutschen Lizenz ausgestatteten Bank sichergestellt, die sich als Folge der gegen die russische Muttergesellschaft verh\u00e4ngten Sanktionen derzeit faktisch in einem Abwicklungsmodus befindet und kein Neugesch\u00e4ft machen darf.<\/p>\n\n\n\n<p>\u201eWir waren unmittelbar nach Beginn des Krieges in der Ukraine mit unvorhersehbaren Herausforderungen konfrontiert, die die Bank h\u00e4tten kollabieren lassen k\u00f6nnen,\u201c erinnert sich Hans-Georg Herrmann, als COO bei der VTBE verantwortlich f\u00fcr die IT, an diese kritische Phase im Fr\u00fchjahr. \u201eSo gab es zahlreiche spontane und teilweise fristlose K\u00fcndigungen von IT-Systemen und von Dienstleistern, die uns zuvor unterst\u00fctzt hatten. Dar\u00fcber hinaus haben wir wegen der Sanktionen Mitarbeiter in Schl\u00fcsselpositionen praktisch von heute auf morgen verloren.\u201c &nbsp;<\/p>\n\n\n\n<p>Die weit verbreitete Unsicherheit bei Dienstleistern und anderen Gesch\u00e4ftspartnern, die in dieser Zeit nicht einsch\u00e4tzen konnten, ob sie m\u00f6glicherweise gegen verh\u00e4ngte Sanktionen versto\u00dfen, wenn sie weiter Gesch\u00e4fte mit der VTBE t\u00e4tigen oder Dienstleistungen f\u00fcr die VTBE erbringen, hat sich mittlerweile weitgehend gelegt. Dabei geholfen haben Verlautbarungen von deutscher Finanzaufsicht und Deutscher Bundesbank, die Gesch\u00e4fte mit der VTBE in Deutschland grunds\u00e4tzlich erlaubten.<\/p>\n\n\n\n<p>\u201eWir verf\u00fcgen jetzt \u00fcber eine v\u00f6llig unabh\u00e4ngige IT mit einem IT-Management in Frankfurt,\u201c sagt COO Herrmann. Gek\u00fcndigte Datenleitungen und der Support f\u00fcr Hardware wurden ersetzt, das Hosting und der Support von mehr als 30 Applikationen wird von eigenen Leuten in Frankfurt geleistet, ebenso wurden die zuvor nach Moskau outgesourcte IT-Infrastruktur sowie der IT Security Support durch das Team in Frankfurt \u00fcbernommen, unterst\u00fctzt von einem neuen lokalen Dienstleister. Zudem musste kurzfristig ein neuer Anbieter f\u00fcr ein Rechenzentrum gefunden werden. \u201cDer Wechsel eines solchen Anbieters ist unter normalen Umst\u00e4nden ein Projekt mit einer Dauer von einem Jahr,\u201c sagt Herrmann, \u201ewir haben den Umzug in nur drei Wochen hinbekommen.\u201c<\/p>\n\n\n\n<p>\u201eDie IT ist das Herzst\u00fcck jeder Bank, die operative Handlungsf\u00e4higkeit sicherstellt,\u201c sagt Frank Hellwig, der bei der VTBE eingesetzte Sonderbeauftragte der Bundesaufsichtsbeh\u00f6rde f\u00fcr Finanzdienstleistungen, \u201eich bin sehr froh, dass wir diese kritische Phase durch das gro\u00dfartige Engagement unseres IT-Teams hinter uns lassen konnten. Jetzt k\u00f6nnen wir uns mit aller Kraft den n\u00e4chsten Aufgaben widmen.\u201c &nbsp;<\/p>\n","protected":false},"excerpt":{"rendered":"<p>VTB Bank (Europe) SE meldet erfolgreiche Trennung der IT-Systeme von Moskau. 18.07.2022 Die&nbsp;VTB Bank (Europe) SE (VTBE)&nbsp;mit Sitz in Frankfurt konnte innerhalb von nur wenigen Monaten bisher in Moskau erbrachte umfangreiche IT-Dienstleistungen jetzt vollst\u00e4ndig selbst \u00fcbernehmen oder an neue Dienstleister \u00fcbertragen. Damit ist der weitere geordnete Betrieb der mit einer deutschen Lizenz ausgestatteten Bank sichergestellt, [&hellip;]<\/p>\n","protected":false},"author":2,"featured_media":0,"parent":0,"menu_order":0,"comment_status":"closed","ping_status":"closed","template":"","meta":{"footnotes":""},"class_list":["post-715","page","type-page","status-publish","hentry"],"jetpack_sharing_enabled":true,"_links":{"self":[{"href":"https:\/\/owh.de\/de\/wp-json\/wp\/v2\/pages\/715","targetHints":{"allow":["GET"]}}],"collection":[{"href":"https:\/\/owh.de\/de\/wp-json\/wp\/v2\/pages"}],"about":[{"href":"https:\/\/owh.de\/de\/wp-json\/wp\/v2\/types\/page"}],"author":[{"embeddable":true,"href":"https:\/\/owh.de\/de\/wp-json\/wp\/v2\/users\/2"}],"replies":[{"embeddable":true,"href":"https:\/\/owh.de\/de\/wp-json\/wp\/v2\/comments?post=715"}],"version-history":[{"count":4,"href":"https:\/\/owh.de\/de\/wp-json\/wp\/v2\/pages\/715\/revisions"}],"predecessor-version":[{"id":1131,"href":"https:\/\/owh.de\/de\/wp-json\/wp\/v2\/pages\/715\/revisions\/1131"}],"wp:attachment":[{"href":"https:\/\/owh.de\/de\/wp-json\/wp\/v2\/media?parent=715"}],"curies":[{"name":"wp","href":"https:\/\/api.w.org\/{rel}","templated":true}]}}