{"id":703,"date":"2023-10-19T12:54:13","date_gmt":"2023-10-19T10:54:13","guid":{"rendered":"https:\/\/owh.de\/vtbe-erhaelt-lizenz-von-der-us-sanktionsbehoerde\/"},"modified":"2023-12-13T10:50:01","modified_gmt":"2023-12-13T09:50:01","slug":"vtbe-erhaelt-lizenz-von-der-us-sanktionsbehoerde","status":"publish","type":"page","link":"https:\/\/owh.de\/de\/vtbe-erhaelt-lizenz-von-der-us-sanktionsbehoerde\/","title":{"rendered":"VTBE erh\u00e4lt wichtige Lizenz der US-Sanktionsbeh\u00f6rde"},"content":{"rendered":"\n<p><strong>Mit Wirkung vom 19. September 2022 hat die Frankfurter VTB Bank (Europe) SE (VTBE) eine Lizenz des amerikanischen Office of Foreign Assets Control (OFAC) erhalten<\/strong>.<\/p>\n\n\n\n<p>28.09.2022<\/p>\n\n\n\n<p>Mit Wirkung vom 19. September 2022 hat die Frankfurter VTB Bank (Europe) SE (VTBE) eine Lizenz des amerikanischen Office of Foreign Assets Control (OFAC) erhalten. Das OFAC ist eine Abteilung des amerikanischen Finanzministeriums und unter anderem verantwortlich f\u00fcr die Kontrolle und Umsetzung der US-Sanktionen gegen Russland.<\/p>\n\n\n\n<p>Die VTBE mit Sitz in Deutschland und einer deutschen Banklizenz ausgestattet ist eine Tochtergesellschaft der zweitgr\u00f6\u00dften russischen Bank. Die VTBE wurde von der deutschen Aufsicht bereits Anfang des Jahres komplett von russischem Einfluss abgeschirmt, wodurch die VTBE auch keinen EU-Sanktionen gegen Russland unterliegt.<\/p>\n\n\n\n<p>\u201eTrotz dieser Abschirmung wollten und konnten viele unserer Gesch\u00e4ftspartner in den vergangenen Monaten bestehende Verpflichtungen gegen\u00fcber der VTBE nicht erf\u00fcllen,\u201c sagt der von der Bundesanstalt f\u00fcr Finanzdienstleistungsaufsicht (BaFin) eingesetzte Sonderbeauftragte und CEO Frank Hellwig, \u201eso blieben teilweise Zinszahlungen aus, Tilgungen wurden nicht geleistet, f\u00e4llige Betr\u00e4ge wurden nicht immer oder versp\u00e4tet an uns zur\u00fcckgezahlt, h\u00e4ufig aus Furcht vor indirekten Sanktionen durch die USA.\u201c Zudem hatten zahlreiche Dienstleister eine weitere Zusammenarbeit mit der VTBE verweigert und Software-Lizenzen sowie Vertr\u00e4ge mit Hinweis auf die Sanktionen gek\u00fcndigt und mussten ersetzt werden.<\/p>\n\n\n\n<p>Die Erteilung der OFAC-Lizenz durch das US-Finanzministerium sieht die VTBE als wichtigen Beleg daf\u00fcr, dass solche Bef\u00fcrchtungen in der Regel unbegr\u00fcndet sind. Zwar m\u00fcsse in Einzelf\u00e4llen juristisch immer noch \u00fcberpr\u00fcft werden, ob bestimmte Transaktionen m\u00f6glicherweise gegen das US-Sanktionsregime versto\u00dfen. F\u00fcr solche F\u00e4lle kann dann aber regelm\u00e4\u00dfig eine Einzelfallgenehmigung beantragt und eingeholt werden. \u201eDamit ist klargestellt, dass Gesch\u00e4ftsabwicklungen mit der VTBE m\u00f6glich sind und nicht grunds\u00e4tzlich US-Sanktionen verletzen,\u201c sagt CEO Hellwig. \u201eEs kann sich niemand mehr auf die Position zur\u00fcckziehen, man d\u00fcrfe generell nicht mit der VTBE zusammenarbeiten.\u201c<\/p>\n\n\n\n<p>Erst wenige Tage zuvor hatte die VTBE von der britischen Sanktionsbeh\u00f6rde, dem Office of Financial Sanctions Implementation (OFSI), eine Lizenz f\u00fcr so genannte \u201ebasic needs\u201c erhalten. Darunter fallen unter anderem Zahlungen f\u00fcr L\u00f6hne an Angestellte, f\u00fcr Steuern, Mieten und Rechtsberatung. Der Vorstand der VTBE hofft, dass nach der Zustellung der OFAC-Lizenz aus den USA bald auch eine erweiterte OFSI-Lizenz erteilt wird. \u201eMit der Erweiterung der OFSI-Lizenz und der bereits erlangten OFAC-Lizenz w\u00e4ren zwei der gr\u00f6\u00dften Hindernisse bei der VTBE aus dem Wege ger\u00e4umt,\u201c sagt CEO Hellwig, \u201edenn faktisch befinden wir uns als Konsequenz des von der BaFin ausgesprochenen Neugesch\u00e4ftsverbots in einem Bestandsverwaltungs- und geordnetem Abwicklungsszenario.\u201c &nbsp;Die Bilanzsumme der VTBE ist aufgrund dieser Situation im ersten Halbjahr 2022 bereits deutlich geschrumpft.<\/p>\n","protected":false},"excerpt":{"rendered":"<p>Mit Wirkung vom 19. September 2022 hat die Frankfurter VTB Bank (Europe) SE (VTBE) eine Lizenz des amerikanischen Office of Foreign Assets Control (OFAC) erhalten. 28.09.2022 Mit Wirkung vom 19. September 2022 hat die Frankfurter VTB Bank (Europe) SE (VTBE) eine Lizenz des amerikanischen Office of Foreign Assets Control (OFAC) erhalten. Das OFAC ist eine [&hellip;]<\/p>\n","protected":false},"author":2,"featured_media":0,"parent":0,"menu_order":0,"comment_status":"closed","ping_status":"closed","template":"","meta":{"footnotes":""},"class_list":["post-703","page","type-page","status-publish","hentry"],"jetpack_sharing_enabled":true,"_links":{"self":[{"href":"https:\/\/owh.de\/de\/wp-json\/wp\/v2\/pages\/703","targetHints":{"allow":["GET"]}}],"collection":[{"href":"https:\/\/owh.de\/de\/wp-json\/wp\/v2\/pages"}],"about":[{"href":"https:\/\/owh.de\/de\/wp-json\/wp\/v2\/types\/page"}],"author":[{"embeddable":true,"href":"https:\/\/owh.de\/de\/wp-json\/wp\/v2\/users\/2"}],"replies":[{"embeddable":true,"href":"https:\/\/owh.de\/de\/wp-json\/wp\/v2\/comments?post=703"}],"version-history":[{"count":4,"href":"https:\/\/owh.de\/de\/wp-json\/wp\/v2\/pages\/703\/revisions"}],"predecessor-version":[{"id":1128,"href":"https:\/\/owh.de\/de\/wp-json\/wp\/v2\/pages\/703\/revisions\/1128"}],"wp:attachment":[{"href":"https:\/\/owh.de\/de\/wp-json\/wp\/v2\/media?parent=703"}],"curies":[{"name":"wp","href":"https:\/\/api.w.org\/{rel}","templated":true}]}}