{"id":692,"date":"2023-10-19T12:49:28","date_gmt":"2023-10-19T10:49:28","guid":{"rendered":"https:\/\/owh.de\/der-aufsichtsrat-hat-den-ausgehandelten-sozialplan-genehmigt\/"},"modified":"2023-10-19T13:54:27","modified_gmt":"2023-10-19T13:54:27","slug":"der-aufsichtsrat-hat-den-ausgehandelten-sozialplan-genehmigt","status":"publish","type":"page","link":"https:\/\/owh.de\/de\/der-aufsichtsrat-hat-den-ausgehandelten-sozialplan-genehmigt\/","title":{"rendered":"Aufsichtsrat der VTBE stimmt ausgehandeltem Sozialplan zu"},"content":{"rendered":"\n<p><strong>Der Aufsichtsrat der VTB Bank (Europe) SE (VTBE) hat dem zwischen der Gesch\u00e4ftsf\u00fchrung und dem Betriebsrat der Bank ausgehandelten Sozialplan und Interessenausgleich zugestimmt.<\/strong><\/p>\n\n\n\n<p>24.10.2023<\/p>\n\n\n\n<p>Der Aufsichtsrat der VTB Bank (Europe) SE (VTBE) hat dem zwischen der Gesch\u00e4ftsf\u00fchrung und dem Betriebsrat der Bank ausgehandelten Sozialplan und Interessenausgleich zugestimmt. Die in Frankfurt ans\u00e4ssige Tochtergesellschaft der zweitgr\u00f6\u00dften russischen Bank darf aufgrund eines von der deutschen Finanzaufsicht verh\u00e4ngten Neugesch\u00e4ftsverbots keine Kredite mehr vergeben und keine Einlagen entgegennehmen. Sie befindet sich in einem Prozess der geordneten Verwaltung und Abwicklung ihres Bestandsgesch\u00e4fts.<\/p>\n\n\n\n<p>\u201eDie VTBE war bis zum 24. Februar ein erfolgreiches und profitables Unternehmen mit einer guten Perspektive. Aber in dieser neuen Situation ist der Abbau von Personal eine unvermeidbare Entscheidung, die wir sehr bedauern, denn die Mitarbeitenden haben hier alle einen sehr guten Job gemacht,\u201c sagt Frank Hellwig, der als Sonderbeauftragte eingesetzte CEO der Bank. \u201eEs sind allein externe Umst\u00e4nde, die dazu gef\u00fchrt haben, dass es f\u00fcr sie nun hier nicht mehr weitergeht.\u201c<\/p>\n\n\n\n<p>In einer ersten Welle werden bis zum Jahresende die Arbeitsvertr\u00e4ge von knapp einem Drittel der Belegschaft der VTBE gek\u00fcndigt. Die Bank besch\u00e4ftigt derzeit in Frankfurt noch 158 Mitarbeitende.<\/p>\n\n\n\n<p><em>Die VTBE h\u00e4lt weiterhin eine in Deutschland gew\u00e4hrte Bankerlaubnis. Sie wurde von der Bundesanstalt f\u00fcr Finanzdienstleistungsaufsicht bereits Anfang des Jahres von jeglichem Einfluss ihrer in der Russischen F\u00f6deration ans\u00e4ssigen Muttergesellschaft sowie jedem sonstigen russischem Einfluss abgeschirmt. Die VTBE unterliegt selbst keinen EU-Sanktionen und hat zudem Genehmigungen von den zust\u00e4ndigen Sanktionsbeh\u00f6rden im Vereinigten K\u00f6nigreich und den USA erhalten, die ihr die Durchf\u00fchrung von Gesch\u00e4ften im Einklang mit jenen Genehmigungen erlauben.<\/em><\/p>\n","protected":false},"excerpt":{"rendered":"<p>Der Aufsichtsrat der VTB Bank (Europe) SE (VTBE) hat dem zwischen der Gesch\u00e4ftsf\u00fchrung und dem Betriebsrat der Bank ausgehandelten Sozialplan und Interessenausgleich zugestimmt. 24.10.2023 Der Aufsichtsrat der VTB Bank (Europe) SE (VTBE) hat dem zwischen der Gesch\u00e4ftsf\u00fchrung und dem Betriebsrat der Bank ausgehandelten Sozialplan und Interessenausgleich zugestimmt. Die in Frankfurt ans\u00e4ssige Tochtergesellschaft der zweitgr\u00f6\u00dften russischen [&hellip;]<\/p>\n","protected":false},"author":2,"featured_media":0,"parent":0,"menu_order":0,"comment_status":"closed","ping_status":"closed","template":"","meta":{"footnotes":""},"class_list":["post-692","page","type-page","status-publish","hentry"],"jetpack_sharing_enabled":true,"_links":{"self":[{"href":"https:\/\/owh.de\/de\/wp-json\/wp\/v2\/pages\/692","targetHints":{"allow":["GET"]}}],"collection":[{"href":"https:\/\/owh.de\/de\/wp-json\/wp\/v2\/pages"}],"about":[{"href":"https:\/\/owh.de\/de\/wp-json\/wp\/v2\/types\/page"}],"author":[{"embeddable":true,"href":"https:\/\/owh.de\/de\/wp-json\/wp\/v2\/users\/2"}],"replies":[{"embeddable":true,"href":"https:\/\/owh.de\/de\/wp-json\/wp\/v2\/comments?post=692"}],"version-history":[{"count":3,"href":"https:\/\/owh.de\/de\/wp-json\/wp\/v2\/pages\/692\/revisions"}],"predecessor-version":[{"id":754,"href":"https:\/\/owh.de\/de\/wp-json\/wp\/v2\/pages\/692\/revisions\/754"}],"wp:attachment":[{"href":"https:\/\/owh.de\/de\/wp-json\/wp\/v2\/media?parent=692"}],"curies":[{"name":"wp","href":"https:\/\/api.w.org\/{rel}","templated":true}]}}