{"id":688,"date":"2023-10-19T12:45:53","date_gmt":"2023-10-19T10:45:53","guid":{"rendered":"https:\/\/owh.de\/vtb-bank-europe-se-schliesst-filiale-in-wien\/"},"modified":"2023-10-19T14:12:04","modified_gmt":"2023-10-19T14:12:04","slug":"vtb-bank-europe-se-schliesst-filiale-in-wien","status":"publish","type":"page","link":"https:\/\/owh.de\/de\/vtb-bank-europe-se-schliesst-filiale-in-wien\/","title":{"rendered":"VTB Bank (Europe) SE schlie\u00dft Zweigniederlassung in Wien"},"content":{"rendered":"\n<p><strong>Die VTB Bank (Europe) SE (VTBE) mit Sitz in Frankfurt am Main wird zum Ende des Jahres 2022 ihre unselbst\u00e4ndige Zweigniederlassung in Wien schlie\u00dfen.<\/strong><\/p>\n\n\n\n<p>26.10.2023<\/p>\n\n\n\n<p>Die VTB Bank (Europe) SE (VTBE) mit Sitz in Frankfurt am Main wird zum Ende des Jahres 2022 ihre unselbst\u00e4ndige Zweigniederlassung in Wien schlie\u00dfen. Die Aufgabe des Standorts in der \u00f6sterreichischen Hauptstadt ist unter anderem eine Folge des Neugesch\u00e4ftsverbots, das die Bundesanstalt f\u00fcr Finanzdienstleistungsaufsicht (BaFin) gegen\u00fcber der VTBE angeordnet hat. Die VTBE befindet sich derzeit in einem Prozess der geordneten Verwaltung und Abwicklung ihres Bestandsgesch\u00e4fts.<\/p>\n\n\n\n<p>Mit der Einstellung des Gesch\u00e4ftsbetriebs der Zweigniederlassung Wien werden s\u00e4mtliche dort gebuchten Verm\u00f6genswerte und Verbindlichkeiten sowie die damit verbundenen Kundenbeziehungen auf die Hauptniederlassung in Frankfurt am Main verlagert. Die betroffenen Kunden wurden bereits dar\u00fcber informiert, dass s\u00e4mtliche Leistungen aus Vertragsverh\u00e4ltnissen sp\u00e4testens ab dem Jahreswechsel 2022\/2023 und ohne Unterbrechung \u00fcber die der deutschen Hauptniederlassung der VTBE in Frankfurt erbracht werden. Da die Zweigniederlassung Wien und die Hauptniederlassung in Frankfurt am Main seit jeher eine rechtliche Einheit bilden, hat diese \u00c4nderung der Organisationsstruktur keine Auswirkungen auf die f\u00fcr die Kunden geltenden vertraglichen Grundlagen.<\/p>\n\n\n\n<p><em>Die VTBE h\u00e4lt weiterhin eine in Deutschland gew\u00e4hrte Bankerlaubnis. Sie wurde von der BaFin bereits Anfang des Jahres von jeglichem Einfluss ihrer in der Russischen F\u00f6deration ans\u00e4ssigen Muttergesellschaft sowie jedem sonstigen russischem Einfluss abgeschirmt. Die VTBE unterliegt selbst keinen EU-Sanktionen und hat zudem Genehmigungen von den zust\u00e4ndigen &nbsp;Sanktionsbeh\u00f6rden im Vereinigten K\u00f6nigreich und den USA erhalten, die ihr die Durchf\u00fchrung von Gesch\u00e4ften im Einklang mit jenen Genehmigungen erlauben.<\/em><\/p>\n","protected":false},"excerpt":{"rendered":"<p>Die VTB Bank (Europe) SE (VTBE) mit Sitz in Frankfurt am Main wird zum Ende des Jahres 2022 ihre unselbst\u00e4ndige Zweigniederlassung in Wien schlie\u00dfen. 26.10.2023 Die VTB Bank (Europe) SE (VTBE) mit Sitz in Frankfurt am Main wird zum Ende des Jahres 2022 ihre unselbst\u00e4ndige Zweigniederlassung in Wien schlie\u00dfen. Die Aufgabe des Standorts in der [&hellip;]<\/p>\n","protected":false},"author":2,"featured_media":0,"parent":0,"menu_order":0,"comment_status":"closed","ping_status":"closed","template":"","meta":{"footnotes":""},"class_list":["post-688","page","type-page","status-publish","hentry"],"jetpack_sharing_enabled":true,"_links":{"self":[{"href":"https:\/\/owh.de\/de\/wp-json\/wp\/v2\/pages\/688","targetHints":{"allow":["GET"]}}],"collection":[{"href":"https:\/\/owh.de\/de\/wp-json\/wp\/v2\/pages"}],"about":[{"href":"https:\/\/owh.de\/de\/wp-json\/wp\/v2\/types\/page"}],"author":[{"embeddable":true,"href":"https:\/\/owh.de\/de\/wp-json\/wp\/v2\/users\/2"}],"replies":[{"embeddable":true,"href":"https:\/\/owh.de\/de\/wp-json\/wp\/v2\/comments?post=688"}],"version-history":[{"count":3,"href":"https:\/\/owh.de\/de\/wp-json\/wp\/v2\/pages\/688\/revisions"}],"predecessor-version":[{"id":762,"href":"https:\/\/owh.de\/de\/wp-json\/wp\/v2\/pages\/688\/revisions\/762"}],"wp:attachment":[{"href":"https:\/\/owh.de\/de\/wp-json\/wp\/v2\/media?parent=688"}],"curies":[{"name":"wp","href":"https:\/\/api.w.org\/{rel}","templated":true}]}}