{"id":680,"date":"2023-10-19T12:42:33","date_gmt":"2023-10-19T10:42:33","guid":{"rendered":"https:\/\/owh.de\/vtb-direktbank-abbau-der-geschaeftsbeziehungen\/"},"modified":"2023-12-13T10:37:52","modified_gmt":"2023-12-13T09:37:52","slug":"vtb-direktbank-abbau-der-geschaeftsbeziehungen","status":"publish","type":"page","link":"https:\/\/owh.de\/de\/vtb-direktbank-abbau-der-geschaeftsbeziehungen\/","title":{"rendered":"VTB Direktbank: K\u00fcndigung der Gesch\u00e4ftsbeziehungen"},"content":{"rendered":"\n<p><strong>Die VTB Direktbank setzt die Abwicklung der Gesch\u00e4ftsbeziehungen mit der K\u00fcndigung von Vertr\u00e4gen fort.<\/strong><\/p>\n\n\n\n<p>03.05.2023<\/p>\n\n\n\n<p>Die VTB Direktbank in Frankfurt wird in den kommenden Wochen und Monaten sukzessive und in mehreren Tranchen bestehende Vertr\u00e4ge mit Sparern k\u00fcndigen und deren Einlagen inklusive aller bis zur Auszahlung auflaufenden Zinsen zur\u00fcckzahlen. Hintergrund dieser Ma\u00dfnahme ist die Sondersituation der Bank und der deshalb am 24. M\u00e4rz 2023 von der Hauptversammlung der VTB Bank (Europe) SE i.L. gefasste Liquidationsbeschluss.<\/p>\n\n\n\n<p>Die VTB Direktbank ist eine Zweigniederlassung der VTB Bank (Europe) SE i.L. und damit direkt von deren Abwicklungsprozess betroffen. Die Sondersituation der Bank f\u00fchrt in bestimmten F\u00e4llen auch zu au\u00dferordentlichen K\u00fcndigungen f\u00fcr noch laufende Vertr\u00e4ge aus wichtigem Grund. Bereits seit Februar 2022, seit dem Einmarsch der russischen Armee in der Ukraine, darf die VTB Direktbank aufgrund eines Verbots der deutschen Finanzaufsicht keine neuen Einlagen mehr entgegennehmen. Ebenso kann die VTB Bank (Europe) SE i.L. keine Kredite mehr vergeben. Die Bank befindet sich faktisch bereits seit diesem Zeitpunkt und seit dem 1. April auch formell in Abwicklung.<\/p>\n\n\n\n<p>\u201eWir bedauern sehr, dass wir zu einer solchen Ma\u00dfnahme greifen m\u00fcssen,\u201c sagt Hans-Georg Herrmann, Chief Operating Officer bei der VTB Bank (Europe) SE i.L., \u201eaber wir hoffen auf das Verst\u00e4ndnis unserer Kunden f\u00fcr die besondere Situation, in der sich die Bank als Folge der Sanktionen gegen Russland und gegen die Muttergesellschaft unserer Bank befindet. Eine Fortf\u00fchrung normaler Bank- und Einlagengesch\u00e4fte ist f\u00fcr die VTB Direktbank unter diesen Bedingungen unm\u00f6glich. Durch unser Vorgehen gew\u00e4hrleisten wir, dass unsere Kunden ihre Einlagen zeitnah und sicher erhalten und zur Wiederanlage bei anderen Instituten nutzen k\u00f6nnen.\u201c<\/p>\n\n\n\n<p>Die frei werdenden Sparguthaben k\u00f6nnen in der derzeitigen Marktsituation in aller Regel zu besseren Konditionen wieder angelegt werden. Die VTB Direktbank hat seit Februar 2022 die Zinsen nicht erh\u00f6ht. Sie wird wegen der ihr auferlegten Beschr\u00e4nkungen und ihrer Abwicklung auch keine Zinserh\u00f6hungen vornehmen.<\/p>\n\n\n\n<p>F\u00fcr betroffene Kunden besteht \u2013 bis sie innerhalb der n\u00e4chsten Wochen und Monate ein K\u00fcndigungsschreiben erhalten \u2013 kein Handlungsbedarf. Sie sind allerdings sp\u00e4testens dann gebeten zu \u00fcberpr\u00fcfen, ob die Daten des bei der VTB Direktbank angegebenen Referenzkontos bei der jeweiligen Hausbank noch aktuell sind. Auf dieses Konto wird die VTB Direktbank das Guthaben und f\u00e4llige Zinsen nach der K\u00fcndigung \u00fcberweisen und damit die Gesch\u00e4ftsbeziehung beenden.<\/p>\n","protected":false},"excerpt":{"rendered":"<p>Die VTB Direktbank setzt die Abwicklung der Gesch\u00e4ftsbeziehungen mit der K\u00fcndigung von Vertr\u00e4gen fort. 03.05.2023 Die VTB Direktbank in Frankfurt wird in den kommenden Wochen und Monaten sukzessive und in mehreren Tranchen bestehende Vertr\u00e4ge mit Sparern k\u00fcndigen und deren Einlagen inklusive aller bis zur Auszahlung auflaufenden Zinsen zur\u00fcckzahlen. Hintergrund dieser Ma\u00dfnahme ist die Sondersituation der [&hellip;]<\/p>\n","protected":false},"author":2,"featured_media":0,"parent":0,"menu_order":0,"comment_status":"closed","ping_status":"closed","template":"","meta":{"footnotes":""},"class_list":["post-680","page","type-page","status-publish","hentry"],"jetpack_sharing_enabled":true,"_links":{"self":[{"href":"https:\/\/owh.de\/de\/wp-json\/wp\/v2\/pages\/680","targetHints":{"allow":["GET"]}}],"collection":[{"href":"https:\/\/owh.de\/de\/wp-json\/wp\/v2\/pages"}],"about":[{"href":"https:\/\/owh.de\/de\/wp-json\/wp\/v2\/types\/page"}],"author":[{"embeddable":true,"href":"https:\/\/owh.de\/de\/wp-json\/wp\/v2\/users\/2"}],"replies":[{"embeddable":true,"href":"https:\/\/owh.de\/de\/wp-json\/wp\/v2\/comments?post=680"}],"version-history":[{"count":6,"href":"https:\/\/owh.de\/de\/wp-json\/wp\/v2\/pages\/680\/revisions"}],"predecessor-version":[{"id":1120,"href":"https:\/\/owh.de\/de\/wp-json\/wp\/v2\/pages\/680\/revisions\/1120"}],"wp:attachment":[{"href":"https:\/\/owh.de\/de\/wp-json\/wp\/v2\/media?parent=680"}],"curies":[{"name":"wp","href":"https:\/\/api.w.org\/{rel}","templated":true}]}}