{"id":581,"date":"2023-10-17T12:16:26","date_gmt":"2023-10-17T10:16:26","guid":{"rendered":"https:\/\/owh.de\/beschluss-ueber-die-liquidation-der-vtb-bank-europe-se\/"},"modified":"2024-01-19T17:12:00","modified_gmt":"2024-01-19T16:12:00","slug":"beschluss-ueber-die-liquidation-der-vtb-bank-europe-se","status":"publish","type":"page","link":"https:\/\/owh.de\/de\/beschluss-ueber-die-liquidation-der-vtb-bank-europe-se\/","title":{"rendered":"Beschluss zur Liquidation"},"content":{"rendered":"\n<h5 class=\"wp-block-heading\"><strong>Die Hauptversammlung beschlie\u00dft einstimmig die Liquidation der VTB Bank (Europe) SE<\/strong>.<\/h5>\n\n\n\n<p style=\"font-style:normal;font-weight:400\">27.03.2023<\/p>\n\n\n\n<p>Die au\u00dferordentliche Hauptversammlung der VTB Bank (Europe) SE (VTBE) hat am 24.M\u00e4rz 2023 in Frankfurt am Main mit den Stimmen des Stimmrechtstreuh\u00e4nders den Beschluss gefasst, dass die Bank am 1. April 2023 liquidiert wird. Vorstand und Aufsichtsrat hatten der Hauptversammlung einen entsprechenden Vorschlag vorgelegt. Ab dem 1. April wird die Bank deshalb mit dem Zusatz \u201ein Liquidation\u201c beziehungsweise abgek\u00fcrzt \u201ei.L.\u201c die weitere Abwicklung aller noch bestehenden Gesch\u00e4fts- und Kundenbeziehungen vorantreiben.<\/p>\n\n\n\n<p>\u201eMit diesem Beschluss wechseln wir von einem Zustand der faktischen Abwicklung, in dem sich die Bank mit dem im vergangenen Fr\u00fchjahr von der Bankaufsicht verh\u00e4ngten Neugesch\u00e4fts- und Einlagenannahmeverbot bereits befindet, in einen von der Hauptversammlung verabschiedeten Abwicklungsprozess,\u201c sagt Frank Hellwig, der von der Bundesanstalt f\u00fcr Finanzdienstleistungsaufsicht (BaFin) bestellte Sonderbeauftragte und CEO der VTBE.<\/p>\n\n\n\n<p>Die BaFin hatte der Mehrheitseigent\u00fcmerin der VTBE, der russischen PJSC VTB Bank, bereits im April 2022 untersagt, ihre Stimmrechte aus den Aktien ihrer Tochterbank auszu\u00fcben. Die Stimmrechte wurden per Gerichtsbeschluss auf Antrag der BaFin auf einen Stimmrechtstreuh\u00e4nder \u00fcbertragen.<\/p>\n\n\n\n<p>Seit dem Beginn des Angriffskriegs gegen die Ukraine ist das Bestandsgesch\u00e4ft der VTBE bereits deutlich geschrumpft. Die Sicherung der t\u00e4glichen Liquidit\u00e4t steht im Vordergrund. \u201eDie Bank ist mit ihrer Kapitalausstattung nach wie vor ohne Einschr\u00e4nkungen in der Lage, alle anstehenden Verpflichtungen zu erf\u00fcllen,\u201c sagt CFO Miro Zadro. \u201eInsbesondere unsere Sparer mit Guthaben bei der VTBE m\u00fcssen wegen der Liquidation unserer Bank nicht aktiv werden. Alle f\u00e4lligen Kundengelder werden wie bisher zur\u00fcckgezahlt und auf die angegebenen Referenzkonten bei anderen Banken \u00fcbertragen.\u201c Die Liquidationsphase wird nach derzeitigem Kenntnisstand einen mehrj\u00e4hrigen Zeitraum beanspruchen.<\/p>\n\n\n\n<p>Sobald die derzeit laufende Pr\u00fcfung des Jahresabschlusses 2022 beendet ist, wird die VTBE im Detail \u00fcber den Fortschritt bei der Abwicklung berichten.&nbsp;<\/p>\n\n\n\n<p><em>Die Kundeneinlagen bei der OWH SE i.L. sind durch ein zweistufiges Einlagensicherungssystem gesichert. Die OWH SE i.L. ist Mitglied der gesetzlichen Entsch\u00e4digungseinrichtung deutscher Banken, die alle Guthaben auf Konten oder Sparb\u00fcchern, wie z. B. Sichteinlagen, sonstige Girokonten, Festgelder oder t\u00e4glich f\u00e4llige Gelder sichert. Die Sicherungsgrenze je Gl\u00e4ubiger betr\u00e4gt hierunter 100.000 Euro pro Anleger und pro Bank. Die OWH SE i.L. ist zus\u00e4tzlich dem <a href=\"https:\/\/einlagensicherungsfonds.de\/banks\/abfrage-owh-se\/\" target=\"_blank\" rel=\"noreferrer noopener\">Einlagensicherungsfonds des Bundesverbandes deutscher Banken e.V. <\/a>angeschlossen.<\/em><\/p>\n","protected":false},"excerpt":{"rendered":"<p>Die Hauptversammlung beschlie\u00dft einstimmig die Liquidation der VTB Bank (Europe) SE. 27.03.2023 Die au\u00dferordentliche Hauptversammlung der VTB Bank (Europe) SE (VTBE) hat am 24.M\u00e4rz 2023 in Frankfurt am Main mit den Stimmen des Stimmrechtstreuh\u00e4nders den Beschluss gefasst, dass die Bank am 1. April 2023 liquidiert wird. Vorstand und Aufsichtsrat hatten der Hauptversammlung einen entsprechenden Vorschlag [&hellip;]<\/p>\n","protected":false},"author":2,"featured_media":0,"parent":0,"menu_order":0,"comment_status":"closed","ping_status":"closed","template":"","meta":{"footnotes":""},"class_list":["post-581","page","type-page","status-publish","hentry"],"jetpack_sharing_enabled":true,"_links":{"self":[{"href":"https:\/\/owh.de\/de\/wp-json\/wp\/v2\/pages\/581","targetHints":{"allow":["GET"]}}],"collection":[{"href":"https:\/\/owh.de\/de\/wp-json\/wp\/v2\/pages"}],"about":[{"href":"https:\/\/owh.de\/de\/wp-json\/wp\/v2\/types\/page"}],"author":[{"embeddable":true,"href":"https:\/\/owh.de\/de\/wp-json\/wp\/v2\/users\/2"}],"replies":[{"embeddable":true,"href":"https:\/\/owh.de\/de\/wp-json\/wp\/v2\/comments?post=581"}],"version-history":[{"count":8,"href":"https:\/\/owh.de\/de\/wp-json\/wp\/v2\/pages\/581\/revisions"}],"predecessor-version":[{"id":1203,"href":"https:\/\/owh.de\/de\/wp-json\/wp\/v2\/pages\/581\/revisions\/1203"}],"wp:attachment":[{"href":"https:\/\/owh.de\/de\/wp-json\/wp\/v2\/media?parent=581"}],"curies":[{"name":"wp","href":"https:\/\/api.w.org\/{rel}","templated":true}]}}