{"id":563,"date":"2023-10-17T10:42:08","date_gmt":"2023-10-17T08:42:08","guid":{"rendered":"https:\/\/owh.de\/vtb-bank-europe-se-i-l-praesentiert-aktuelle-zahlen-fuer-2022\/"},"modified":"2023-12-13T10:33:54","modified_gmt":"2023-12-13T09:33:54","slug":"vtb-bank-europe-se-i-l-praesentiert-aktuelle-zahlen-fuer-2022","status":"publish","type":"page","link":"https:\/\/owh.de\/de\/vtb-bank-europe-se-i-l-praesentiert-aktuelle-zahlen-fuer-2022\/","title":{"rendered":"VTB Bank (Europe) SE i.L. legt Zahlen f\u00fcr 2022 vor"},"content":{"rendered":"\n<p><strong>VTB Bank (Europe) SE i.L. legt aktuelle Zahlen zum Gesch\u00e4ftsverlauf vor<\/strong>.<\/p>\n\n\n\n<p>18.07.2023<\/p>\n\n\n\n<ul class=\"wp-block-list\">\n<li><em>Gesch\u00e4ftsvolumen schrumpft deutlich<\/em><\/li>\n\n\n\n<li><em>Liquidit\u00e4tssituation bleibt stabil, Kapitalquoten steigen<\/em><\/li>\n<\/ul>\n\n\n\n<p>Die VTB Bank (Europe) SE i.L. (VTBE) berichtet mit der Ver\u00f6ffentlichung des Jahresabschlusses 2022 sowie zus\u00e4tzlicher nicht testierter Zahlen zum Ende des ersten Halbjahres 2023 \u00fcber den aktuellen Gesch\u00e4ftsverlauf. F\u00fcr die in Frankfurt am Main ans\u00e4ssige und mit einer deutschen Banklizenz ausgestattete Tochtergesellschaft der zweitgr\u00f6\u00dften russischen Bank besteht seit dem Fr\u00fchjahr 2022 ein von der deutschen Bankenaufsicht verh\u00e4ngtes Neugesch\u00e4ftsverbot. Ende M\u00e4rz 2023 hat die Hauptversammlung der VTBE beschlossen, dass die Bank mit Wirkung vom 1.4.2023 in die gesellschaftsrechtliche Liquidation eintritt.<\/p>\n\n\n\n<p>Als Folge dieser Gesamtsituation ist die Bilanzsumme der VTBE zum Ende des ersten Halbjahres 2023 auf EUR 3,1 Mrd. zur\u00fcckgegangen. Zum Jahresende 2022 lag diese noch bei EUR 4,5 Mrd. Im Vergleich zum Jahresende 2021 (EUR 7,3 Mrd.), also vor Beginn des Ukraine-Kriegs, betr\u00e4gt der R\u00fcckgang damit bereits rund 57 Prozent in weniger als anderthalb Jahren.<\/p>\n\n\n\n<p>Noch schneller haben sich die Kundenverbindungen und Konten bei der VTB Direktbank abgebaut, die als eine Zweigniederlassung der VTBE gef\u00fchrt wird. Die H\u00f6he der Einlagen bei der Direktbank, die Ende 2021 noch EUR 2,6 Mrd. betrugen, verminderten sich innerhalb eines Jahres bis Ende 2022 auf rund EUR 1 Mrd. Sie liegen derzeit bereits unterhalb von EUR 300 Mio. Insgesamt hat die Direktbank mehr als 160.000 Konten geschlossen. Die restlichen Einlagen bei der Direktbank sollen in den kommenden Wochen zur\u00fcckgef\u00fchrt werden.<\/p>\n\n\n\n<p>Der Umfang der von den deutschen Sicherungssystemen gesch\u00fctzten Einlagen betrug Ende 2021 noch rund EUR 3,8 Mrd. und ist mittlerweile auf EUR 600 Mio. gesunken. Neben noch verbliebenen Einlagen privater Sparer bei der Direktbank sind darin auch besicherte Einlagen institutioneller Einleger wie Kommunen, Krankenkassen und Versorgungswerke enthalten, au\u00dferdem Einlagen in Fremdw\u00e4hrungen sowie von sanktionierten Institutionen.<\/p>\n\n\n\n<p>Die Liquidit\u00e4tssituation bei der VTBE war \u00fcber den gesamten Zeitraum und ist weiterhin stabil. Dies ist vor allem auf vorgehaltene Kapitalpuffer sowie auf zahlreiche Erfolge bei den Bem\u00fchungen zur\u00fcckzuf\u00fchren, vergebene Kredite vorzeitig zur\u00fcckzuerhalten. Das Kreditportfolio (Ende 2021 rund EUR 4,1 Mrd.) schrumpfte auf EUR 2,7 Mrd. Ende 2022 und auf EUR 1,9 Mrd. zum Halbjahresende.<\/p>\n\n\n\n<p>Das schl\u00e4gt sich in den Kapitalquoten nieder. So betr\u00e4gt die Kernkapitalquote (Mindestanforderung 9,375 Prozent), die Ende 2021 bei 15,9 Prozent und Ende 2022 bereits 32,7 Prozent lag, aufgrund der soliden Kapitalausstattung bei gleichzeitig schrumpfendem Gesch\u00e4ftsumfang zum 30. Juni 2023 42,1 Prozent.<\/p>\n\n\n\n<p>Die VTBE wird den Prozess der geordneten und wertschonenden Abwicklung ihrer Gesch\u00e4ftsbeziehungen w\u00e4hrend der Liquidationsphase fortsetzen. Den Gesch\u00e4ftsbericht f\u00fcr das Gesch\u00e4ftsjahr 2022 mit weiteren Informationen finden Interessierte auf der Website im Download-Bereich.&nbsp;&nbsp;&nbsp; &nbsp;<\/p>\n","protected":false},"excerpt":{"rendered":"<p>VTB Bank (Europe) SE i.L. legt aktuelle Zahlen zum Gesch\u00e4ftsverlauf vor. 18.07.2023 Die VTB Bank (Europe) SE i.L. (VTBE) berichtet mit der Ver\u00f6ffentlichung des Jahresabschlusses 2022 sowie zus\u00e4tzlicher nicht testierter Zahlen zum Ende des ersten Halbjahres 2023 \u00fcber den aktuellen Gesch\u00e4ftsverlauf. F\u00fcr die in Frankfurt am Main ans\u00e4ssige und mit einer deutschen Banklizenz ausgestattete Tochtergesellschaft [&hellip;]<\/p>\n","protected":false},"author":2,"featured_media":0,"parent":0,"menu_order":0,"comment_status":"closed","ping_status":"closed","template":"","meta":{"footnotes":""},"class_list":["post-563","page","type-page","status-publish","hentry"],"jetpack_sharing_enabled":true,"_links":{"self":[{"href":"https:\/\/owh.de\/de\/wp-json\/wp\/v2\/pages\/563","targetHints":{"allow":["GET"]}}],"collection":[{"href":"https:\/\/owh.de\/de\/wp-json\/wp\/v2\/pages"}],"about":[{"href":"https:\/\/owh.de\/de\/wp-json\/wp\/v2\/types\/page"}],"author":[{"embeddable":true,"href":"https:\/\/owh.de\/de\/wp-json\/wp\/v2\/users\/2"}],"replies":[{"embeddable":true,"href":"https:\/\/owh.de\/de\/wp-json\/wp\/v2\/comments?post=563"}],"version-history":[{"count":6,"href":"https:\/\/owh.de\/de\/wp-json\/wp\/v2\/pages\/563\/revisions"}],"predecessor-version":[{"id":1118,"href":"https:\/\/owh.de\/de\/wp-json\/wp\/v2\/pages\/563\/revisions\/1118"}],"wp:attachment":[{"href":"https:\/\/owh.de\/de\/wp-json\/wp\/v2\/media?parent=563"}],"curies":[{"name":"wp","href":"https:\/\/api.w.org\/{rel}","templated":true}]}}