{"id":558,"date":"2023-10-17T09:10:50","date_gmt":"2023-10-17T07:10:50","guid":{"rendered":"https:\/\/owh.de\/nachrichten\/"},"modified":"2025-07-08T18:26:03","modified_gmt":"2025-07-08T16:26:03","slug":"nachrichten","status":"publish","type":"page","link":"https:\/\/owh.de\/de\/nachrichten\/","title":{"rendered":"Nachrichten"},"content":{"rendered":"\n<div class=\"wp-block-group has-medium-font-size has-global-padding is-layout-constrained wp-block-group-is-layout-constrained\">\n<div class=\"wp-block-group alignfull has-tertiary-background-color has-background has-global-padding is-layout-constrained wp-block-group-is-layout-constrained\" style=\"margin-top:0px;margin-bottom:0px;padding-top:var(--wp--preset--spacing--xx-large);padding-bottom:var(--wp--preset--spacing--xx-large)\">\n<div class=\"wp-block-group alignwide is-layout-flow wp-block-group-is-layout-flow\" style=\"padding-bottom:var(--wp--preset--spacing--medium)\">\n<div class=\"wp-block-columns are-vertically-aligned-center is-layout-flex wp-container-core-columns-is-layout-28f84493 wp-block-columns-is-layout-flex\">\n<div class=\"wp-block-column is-vertically-aligned-center is-layout-flow wp-block-column-is-layout-flow\">\n<p style=\"margin-bottom:0.65rem\">F\u00fcr Presseanfragen wenden Sie sich bitte an <a href=\"mailto:presse@owh.de\">presse@owh.de<\/a> <\/p>\n<\/div>\n<\/div>\n<\/div>\n\n\n\n<p class=\"has-base-font-size\"><strong>09.07.2025<\/strong><\/p>\n\n\n\n<p><strong>OWH SE i.L. ver\u00f6ffentlicht Jahresabschluss f\u00fcr 2024<\/strong><\/p>\n\n\n\n<p class=\"has-base-font-size\">Im Gesch\u00e4ftsjahr 2024 hat die sich in Liquidation befindliche Frankfurter Gesellschaft OWH SE i.L. (OWH) ihre Bilanzsumme um rund 5,6 Prozent von EUR 2,40 Mrd. auf EUR 2,27 Mrd. reduziert&#8230;<\/p>\n\n\n\n<div class=\"wp-block-buttons is-layout-flex wp-block-buttons-is-layout-flex\">\n<div class=\"wp-block-button has-custom-width wp-block-button__width-50 is-style-outline is-style-outline--1\"><a class=\"wp-block-button__link has-base-font-size has-custom-font-size wp-element-button\" href=\"https:\/\/owh.de\/de\/owh-se-i-l-veroeffentlicht-jahresabschluss-fuer-2024\/\">Mehr lesen<\/a><\/div>\n<\/div>\n\n\n\n<hr class=\"wp-block-separator has-text-color has-vivid-purple-color has-alpha-channel-opacity has-vivid-purple-background-color has-background is-style-wide\"\/>\n\n\n\n<p class=\"has-base-font-size\"><strong>20.08.2024<\/strong><\/p>\n\n\n\n<p class=\"has-medium-font-size\" style=\"font-style:normal;font-weight:700\"><strong>OWH SE i.L.: &nbsp;Aufsicht hebt Bankerlaubnis auf<\/strong><\/p>\n\n\n\n<p class=\"has-base-font-size\">Die Europ\u00e4ische Zentralbank (EZB) und die Bundesanstalt f\u00fcr Finanzdienstleistungsaufsicht (BaFin) haben die OWH SE i.L. (OWH) dar\u00fcber informiert, dass mit Wirkung zum 20. August 2024 die Bankerlaubnis der OWH aufgehoben wird&#8230;<\/p>\n\n\n\n<div class=\"wp-block-buttons alignwide is-layout-flex wp-block-buttons-is-layout-flex\">\n<div class=\"wp-block-button has-custom-width wp-block-button__width-50 is-style-outline is-style-outline--2\"><a class=\"wp-block-button__link has-base-font-size has-custom-font-size wp-element-button\" href=\"https:\/\/owh.de\/de\/owh-aufsicht-hebt-bankerlaubnis-auf\/\">                     Mehr lesen                   <\/a><\/div>\n<\/div>\n\n\n\n<hr class=\"wp-block-separator has-text-color has-primary-color has-alpha-channel-opacity has-primary-background-color has-background is-style-wide\"\/>\n\n\n\n<div class=\"wp-block-group has-global-padding is-layout-constrained wp-block-group-is-layout-constrained\">\n<p class=\"has-base-font-size\"><strong>27.06.2024<\/strong><\/p>\n\n\n\n<h2 class=\"wp-block-heading has-medium-font-size\" style=\"font-style:normal;font-weight:700\"><strong><strong><strong>OWH SE i.L. ver\u00f6ffentlicht Jahresabschluss 2023<\/strong><\/strong><\/strong><\/h2>\n\n\n\n<p class=\"has-base-font-size\">Im vergangenen Rumpfgesch\u00e4ftsjahr vom 1. April 2023 bis 31. Dezember 2023 konnte die in Liquidation befindliche Frankfurter Gesellschaft OWH SE i.L. (OWH) ihre Bilanzsumme um rund ein Drittel von EUR 3,6 Mrd. auf EUR 2,4 Mrd. reduzieren. Der starke R\u00fcckgang ist vor allem auf die weitere &#8230;<\/p>\n\n\n\n<div class=\"wp-block-buttons is-layout-flex wp-block-buttons-is-layout-flex\">\n<div class=\"wp-block-button has-custom-width wp-block-button__width-50 is-style-outline is-style-outline--3\"><a class=\"wp-block-button__link has-base-font-size has-custom-font-size wp-element-button\" href=\"https:\/\/owh.de\/de\/owh-i-l-veroeffentlicht-jahresabschluesse-fuer-2023\/\">Mehr lesen<\/a><\/div>\n<\/div>\n\n\n\n<hr class=\"wp-block-separator has-alpha-channel-opacity is-style-wide\"\/>\n\n\n\n<p class=\"has-base-font-size\"><strong>26.06.2024<\/strong><\/p>\n\n\n\n<h2 class=\"wp-block-heading has-medium-font-size\" style=\"font-style:normal;font-weight:700\"><strong><strong>OWH SE i.L. mit neuer Adresse ab 1. Juli 2024<\/strong><\/strong><\/h2>\n\n\n\n<p class=\"has-base-font-size\">Die OWH SE i.L. zieht am 1. Juli 2024 in Frankfurt um.<\/p>\n\n\n\n<p class=\"has-base-font-size\">Die neue Gesch\u00e4ftsadresse lautet:  <\/p>\n\n\n\n<div class=\"wp-block-group is-vertical is-layout-flex wp-container-core-group-is-layout-fe9cc265 wp-block-group-is-layout-flex\">\n<ul class=\"wp-block-list is-style-none\">\n<li><strong>OWH SE i.L.<\/strong><\/li>\n\n\n\n<li><strong>Taunusanlage 9-10<\/strong><\/li>\n\n\n\n<li><strong>60329 Frankfurt am Main<\/strong><\/li>\n<\/ul>\n<\/div>\n\n\n\n<p class=\"has-base-font-size\">Telefon: 069 2168-0<\/p>\n\n\n\n<hr class=\"wp-block-separator has-alpha-channel-opacity is-style-wide\"\/>\n\n\n\n<p class=\"has-base-font-size\"><strong>24.04.2024<\/strong><\/p>\n\n\n\n<h2 class=\"wp-block-heading has-medium-font-size\" style=\"font-style:normal;font-weight:700\"><strong>US-Sanktionsbeh\u00f6rde OFAC k\u00fcndigt De-Listing an<\/strong><\/h2>\n\n\n\n<p class=\"has-base-font-size\">Das United States Office of Foreign Assets Control (OFAC) hat die OWH SE i.L. (OWH), die vor ihrer Umbenennung als VTB Bank (Europe) SE firmierte, von der Liste der sanktionierten Unternehmen gestrichen. Dies ist eine Folge der Abschirmung durch die Bundesanstalt f\u00fcr Finanzdienstleistungsaufsicht (BaFin) &#8230;<\/p>\n\n\n\n<div class=\"wp-block-buttons is-layout-flex wp-block-buttons-is-layout-flex\">\n<div class=\"wp-block-button has-custom-width wp-block-button__width-50 is-style-outline is-style-outline--4\"><a class=\"wp-block-button__link has-base-font-size has-custom-font-size wp-element-button\" href=\"https:\/\/owh.de\/de\/us-sanktionsbehoerde-ofac-kuendigt-de-listing-an\/\">Mehr lesen<\/a><\/div>\n<\/div>\n\n\n\n<hr class=\"wp-block-separator has-alpha-channel-opacity is-style-wide\"\/>\n\n\n\n<p class=\"has-base-font-size\"><strong>09.11.2023<\/strong><\/p>\n\n\n\n<h2 class=\"wp-block-heading has-medium-font-size\" style=\"font-style:normal;font-weight:700\">VTB Bank (Europe) SE i.L. \u00e4ndert Namen in OWH SE i.L.<\/h2>\n\n\n\n<p class=\"has-base-font-size\">Die VTB Bank (Europe) SE i.L. &#8211; kurz VTBE &#8211; mit Sitz in Frankfurt am Main beabsichtigt, ihren Namen zum Jahreswechsel 2023\/24 zu \u00e4ndern. Sie wird ab dem 1. Januar 2024 unter dem Namen OWH SE i.L. firmieren. Ein entsprechender Vorschlag zur \u00c4nderung des Firmennamens ist der einzige Punkt auf der Tagesordnung einer au\u00dferordentlichen Hauptversammlung, die f\u00fcr&#8230;<\/p>\n\n\n\n<div class=\"wp-block-buttons is-layout-flex wp-block-buttons-is-layout-flex\">\n<div class=\"wp-block-button has-custom-width wp-block-button__width-50 is-style-outline is-style-outline--5\"><a class=\"wp-block-button__link has-base-font-size has-custom-font-size wp-element-button\" href=\"https:\/\/owh.de\/de\/vtb-bank-europe-se-i-l-aendert-namen-in-owh-se-i-l\/\">Mehr lesen<\/a><\/div>\n<\/div>\n\n\n\n<hr class=\"wp-block-separator has-alpha-channel-opacity is-style-wide\"\/>\n<\/div>\n\n\n\n<div class=\"wp-block-group has-global-padding is-layout-constrained wp-block-group-is-layout-constrained\">\n<p class=\"has-base-font-size\"><strong>18.07.2023<\/strong><\/p>\n\n\n\n<h2 class=\"wp-block-heading has-medium-font-size\" style=\"font-style:normal;font-weight:700\"><strong>VTB Bank (Europe) SE i.L. pr\u00e4sentiert aktuelle Zahlen f\u00fcr 2022<\/strong><\/h2>\n\n\n\n<p class=\"has-base-font-size\">Die VTB Bank (Europe) SE i.L. (VTBE) berichtet mit der Ver\u00f6ffentlichung des Jahresabschlusses 2022 und zus\u00e4tzlicher ungepr\u00fcfter Zahlen zum Ende des ersten Halbjahres 2023 \u00fcber ihre aktuelle Gesch\u00e4ftsentwicklung. Die Tochtergesellschaft der zweitgr\u00f6\u00dften russischen Bank, die ihren Sitz in Frankfurt am Main hat und &#8230;<\/p>\n\n\n\n<div class=\"wp-block-buttons is-layout-flex wp-block-buttons-is-layout-flex\">\n<div class=\"wp-block-button has-custom-width wp-block-button__width-50 is-style-outline is-style-outline--6\"><a class=\"wp-block-button__link has-base-font-size has-custom-font-size wp-element-button\" href=\"https:\/\/owh.de\/de\/vtb-bank-europe-se-i-l-praesentiert-aktuelle-zahlen-fuer-2022\/\">Mehr lesen<\/a><\/div>\n<\/div>\n\n\n\n<hr class=\"wp-block-separator has-alpha-channel-opacity is-style-wide\"\/>\n<\/div>\n\n\n\n<div class=\"wp-block-group has-global-padding is-layout-constrained wp-block-group-is-layout-constrained\">\n<p class=\"has-base-font-size\"><strong>05.05.2023<\/strong><\/p>\n\n\n\n<h2 class=\"wp-block-heading has-medium-font-size\" style=\"font-style:normal;font-weight:700\">VTB Direktbank: Abbau der Gesch\u00e4ftsbeziehungen<\/h2>\n\n\n\n<p class=\"has-base-font-size\">Die VTB Direktbank in Frankfurt wird in den kommenden Wochen und Monaten sukzessive und in mehreren Tranchen bestehende Vertr\u00e4ge mit Sparern k\u00fcndigen und deren Einlagen einschlie\u00dflich aller bis zur Auszahlung aufgelaufenen Zinsen zur\u00fcckzahlen. Hintergrund f\u00fcr diese Ma\u00dfnahme ist die besondere Situation der Bank und &#8230;<\/p>\n\n\n\n<div class=\"wp-block-buttons is-layout-flex wp-block-buttons-is-layout-flex\">\n<div class=\"wp-block-button has-custom-width wp-block-button__width-50 is-style-outline is-style-outline--7\"><a class=\"wp-block-button__link has-base-font-size has-custom-font-size wp-element-button\" href=\"https:\/\/owh.de\/de\/vtb-direktbank-abbau-der-geschaeftsbeziehungen\/\">Mehr lesen<\/a><\/div>\n<\/div>\n\n\n\n<hr class=\"wp-block-separator has-alpha-channel-opacity is-style-wide\"\/>\n<\/div>\n\n\n\n<div class=\"wp-block-group has-global-padding is-layout-constrained wp-block-group-is-layout-constrained\">\n<p class=\"has-base-font-size\"><strong>27.03.2023<\/strong><\/p>\n\n\n\n<h2 class=\"wp-block-heading has-medium-font-size\" style=\"font-style:normal;font-weight:700\">Beschluss \u00fcber die Liquidation der VTB Bank (Europe) SE<\/h2>\n\n\n\n<p class=\"has-base-font-size\">Mit den Stimmen des stimmberechtigten Treuh\u00e4nders hat die au\u00dferordentliche Hauptversammlung der VTB Bank (Europe) SE (VTBE) am 24. M\u00e4rz 2023 in Frankfurt am Main beschlossen, dass die Bank zum 1. April 2023 liquidiert wird. Einen entsprechenden Vorschlag hatten Vorstand und Aufsichtsrat dem &#8230;<\/p>\n\n\n\n<div class=\"wp-block-buttons is-layout-flex wp-block-buttons-is-layout-flex\">\n<div class=\"wp-block-button has-custom-width wp-block-button__width-50 is-style-outline is-style-outline--8\"><a class=\"wp-block-button__link has-base-font-size has-custom-font-size wp-element-button\" href=\"https:\/\/owh.de\/de\/beschluss-ueber-die-liquidation-der-vtb-bank-europe-se\/\">Mehr lesen<\/a><\/div>\n<\/div>\n\n\n\n<hr class=\"wp-block-separator has-alpha-channel-opacity is-style-wide\"\/>\n<\/div>\n\n\n\n<div class=\"wp-block-group has-global-padding is-layout-constrained wp-block-group-is-layout-constrained\">\n<p class=\"has-base-font-size\"><strong>26.10.2022<\/strong><\/p>\n\n\n\n<h2 class=\"wp-block-heading has-medium-font-size\" style=\"font-style:normal;font-weight:700\">VTB Bank (Europe) SE schlie\u00dft Filiale in Wien<\/h2>\n\n\n\n<p class=\"has-base-font-size\">Die VTB Bank (Europe) SE (VTBE) mit Hauptsitz in Frankfurt am Main wird ihre unselbstst\u00e4ndige Niederlassung in Wien zum Jahresende 2022 schlie\u00dfen. Die Schlie\u00dfung der Niederlassung in der \u00f6sterreichischen Hauptstadt ist unter anderem eine Folge des Neugesch\u00e4ftsverbots, das der VTBE von der &#8230;<\/p>\n\n\n\n<div class=\"wp-block-buttons is-layout-flex wp-block-buttons-is-layout-flex\">\n<div class=\"wp-block-button has-custom-width wp-block-button__width-50 is-style-outline is-style-outline--9\"><a class=\"wp-block-button__link has-base-font-size has-custom-font-size wp-element-button\" href=\"https:\/\/owh.de\/de\/vtb-bank-europe-se-schliesst-filiale-in-wien\/\">Mehr lesen<\/a><\/div>\n<\/div>\n\n\n\n<hr class=\"wp-block-separator has-alpha-channel-opacity is-style-wide\"\/>\n<\/div>\n\n\n\n<div class=\"wp-block-group has-global-padding is-layout-constrained wp-block-group-is-layout-constrained\">\n<p class=\"has-base-font-size\"><strong>24.10.2022<\/strong><\/p>\n\n\n\n<h2 class=\"wp-block-heading has-medium-font-size\" style=\"font-style:normal;font-weight:700\">Aufsichtsrat billigt Sozialplan<\/h2>\n\n\n\n<p class=\"has-base-font-size\">Der Aufsichtsrat der VTB Bank (Europe) SE (VTBE) hat den zwischen der Gesch\u00e4ftsleitung und dem Betriebsrat der Bank ausgehandelten Sozialplan und Interessenausgleich genehmigt. Die in Frankfurt ans\u00e4ssige Tochtergesellschaft der zweitgr\u00f6\u00dften Bank Russlands darf aufgrund eines Verbots keine Kredite mehr vergeben oder Einlagen annehmen &#8230;<\/p>\n\n\n\n<div class=\"wp-block-buttons is-layout-flex wp-block-buttons-is-layout-flex\">\n<div class=\"wp-block-button has-custom-width wp-block-button__width-50 is-style-outline is-style-outline--10\"><a class=\"wp-block-button__link has-base-font-size has-custom-font-size wp-element-button\" href=\"https:\/\/owh.de\/de\/der-aufsichtsrat-hat-den-ausgehandelten-sozialplan-genehmigt\/\">Mehr lesen<\/a><\/div>\n<\/div>\n\n\n\n<hr class=\"wp-block-separator has-alpha-channel-opacity is-style-wide\"\/>\n<\/div>\n\n\n\n<div class=\"wp-block-group has-global-padding is-layout-constrained wp-block-group-is-layout-constrained\">\n<p class=\"has-base-font-size\"><strong>07.10.2022<\/strong><\/p>\n\n\n\n<h2 class=\"wp-block-heading has-medium-font-size\" style=\"font-style:normal;font-weight:700\">Britische Sanktionsbeh\u00f6rde verl\u00e4ngert Lizenz von VTBE<\/h2>\n\n\n\n<p class=\"has-base-font-size\">Nur wenige Tage nachdem das U.S. Office of Foreign Asset Control (OFAC) der VTB Bank (Europe) SE (VTBE) in Frankfurt eine wichtige Lizenz erteilt hat, verl\u00e4ngert auch die britische Sanktionsbeh\u00f6rde, das Office of Financial Sanctions Implementation (OFSI), die Lizenz, die bis dahin &#8230;<\/p>\n\n\n\n<div class=\"wp-block-buttons is-layout-flex wp-block-buttons-is-layout-flex\">\n<div class=\"wp-block-button has-custom-width wp-block-button__width-50 is-style-outline is-style-outline--11\"><a class=\"wp-block-button__link has-base-font-size has-custom-font-size wp-element-button\" href=\"https:\/\/owh.de\/de\/britische-sanktionsbehoerde-verlaengert-lizenz-von-vtbe\/\">Mehr lesen<\/a><\/div>\n<\/div>\n\n\n\n<hr class=\"wp-block-separator has-alpha-channel-opacity is-style-wide\"\/>\n<\/div>\n\n\n\n<div class=\"wp-block-group has-global-padding is-layout-constrained wp-block-group-is-layout-constrained\">\n<p class=\"has-base-font-size\"><strong>28.09.2022<\/strong><\/p>\n\n\n\n<h2 class=\"wp-block-heading has-medium-font-size\" style=\"font-style:normal;font-weight:700\">VTBE erh\u00e4lt Lizenz von der US-Sanktionsbeh\u00f6rde<\/h2>\n\n\n\n<p class=\"has-base-font-size\">Mit Wirkung vom 19. September 2022 hat die in Frankfurt ans\u00e4ssige VTB Bank (Europe) SE (VTBE) eine Lizenz vom US Office of Foreign Assets Control (OFAC) erhalten. Das OFAC ist eine Abteilung des US-Finanzministeriums und ist unter anderem f\u00fcr die Kontrolle und &#8230;<\/p>\n\n\n\n<div class=\"wp-block-buttons is-layout-flex wp-block-buttons-is-layout-flex\">\n<div class=\"wp-block-button has-custom-width wp-block-button__width-50 is-style-outline is-style-outline--12\"><a class=\"wp-block-button__link has-base-font-size has-custom-font-size wp-element-button\" href=\"https:\/\/owh.de\/de\/vtbe-erhaelt-lizenz-von-der-us-sanktionsbehoerde\/\">Mehr lesen<\/a><\/div>\n<\/div>\n\n\n\n<hr class=\"wp-block-separator has-alpha-channel-opacity is-style-wide\"\/>\n<\/div>\n\n\n\n<div class=\"wp-block-group has-global-padding is-layout-constrained wp-block-group-is-layout-constrained\">\n<p class=\"has-base-font-size\"><strong>12.09.2022<\/strong><\/p>\n\n\n\n<h2 class=\"wp-block-heading has-medium-font-size\" style=\"font-style:normal;font-weight:700\">Jahresabschl\u00fcsse f\u00fcr 2021 und H1 2022<\/h2>\n\n\n\n<p class=\"has-base-font-size\">Die VTB Bank (Europe) SE (VTBE) mit Sitz in Frankfurt hat das Gesch\u00e4ftsjahr 2021 trotz der sp\u00fcrbaren Auswirkungen der Coronavirus-Krise mit einem Nettogewinn von 26,9 Millionen Euro abgeschlossen, wie aus dem soeben ver\u00f6ffentlichten Gesch\u00e4ftsbericht der Bank hervorgeht. Die Gesch\u00e4ftsentwicklung im Jahr 2021 war positiv, und &#8230;<\/p>\n\n\n\n<div class=\"wp-block-buttons is-layout-flex wp-block-buttons-is-layout-flex\">\n<div class=\"wp-block-button has-custom-width wp-block-button__width-50 is-style-outline is-style-outline--13\"><a class=\"wp-block-button__link has-base-font-size has-custom-font-size wp-element-button\" href=\"https:\/\/owh.de\/de\/jahresabschluesse-fuer-2021-und-h1-2022\/\">Mehr lesen<\/a><\/div>\n<\/div>\n\n\n\n<hr class=\"wp-block-separator has-alpha-channel-opacity is-style-wide\"\/>\n<\/div>\n\n\n\n<div class=\"wp-block-group has-global-padding is-layout-constrained wp-block-group-is-layout-constrained\">\n<p class=\"has-base-font-size\"><strong>18.07.2022<\/strong><\/p>\n\n\n\n<h2 class=\"wp-block-heading has-medium-font-size\" style=\"font-style:normal;font-weight:700\">Erfolgreiche Trennung des IT-Systems von Moskau<\/h2>\n\n\n\n<p class=\"has-base-font-size\">Innerhalb von nur wenigen Monaten hat die VTB Bank (Europe) SE (VTBE)<strong> <\/strong>mit Sitz in Frankfurt hat es geschafft, alle bisher in Moskau erbrachten umfassenden IT-Dienstleistungen komplett zu \u00fcbernehmen oder zu neuen Dienstleistern zu wechseln. Damit ist der weitere ordnungsgem\u00e4\u00dfe Betrieb der Bank, die \u00fcber eine deutsche Lizenz verf\u00fcgt, sichergestellt &#8230;<\/p>\n\n\n\n<div class=\"wp-block-buttons is-layout-flex wp-block-buttons-is-layout-flex\">\n<div class=\"wp-block-button has-custom-width wp-block-button__width-50 is-style-outline is-style-outline--14\"><a class=\"wp-block-button__link has-base-font-size has-custom-font-size wp-element-button\" href=\"https:\/\/owh.de\/de\/erfolgreiche-trennung-des-it-systems-von-moskau\/\">Mehr lesen<\/a><\/div>\n<\/div>\n\n\n\n<hr class=\"wp-block-separator has-alpha-channel-opacity is-style-wide\"\/>\n<\/div>\n\n\n\n<div class=\"wp-block-group has-global-padding is-layout-constrained wp-block-group-is-layout-constrained\">\n<p class=\"has-base-font-size\"><strong>04.07.2022<\/strong><\/p>\n\n\n\n<h2 class=\"wp-block-heading has-medium-font-size\" style=\"font-style:normal;font-weight:700\">Ausschluss aus der Vereinigung der Auslandsbanken hat keine Auswirkungen<\/h2>\n\n\n\n<p class=\"has-base-font-size\">Der Vorstand der VTB Bank (Europe) SE (VTBE) erkennt keine Auswirkungen des Beschlusses der Mitgliederversammlung des Verbandes der Auslandsbanken in Deutschland (VAB) zum Ausschluss der VTBE aus dem Verband. VTBE war bereits zu Beginn des Jahres als Mitglied des Verbandes suspendiert &#8230;<\/p>\n\n\n\n<div class=\"wp-block-buttons is-layout-flex wp-block-buttons-is-layout-flex\">\n<div class=\"wp-block-button has-custom-width wp-block-button__width-50 is-style-outline is-style-outline--15\"><a class=\"wp-block-button__link has-base-font-size has-custom-font-size wp-element-button\" href=\"https:\/\/owh.de\/de\/ausschluss-aus-dem-afb-in-deutschland-hat-keine-auswirkungen-auf-vtbe\/\">Mehr lesen<\/a><\/div>\n<\/div>\n\n\n\n<hr class=\"wp-block-separator has-alpha-channel-opacity is-style-wide\"\/>\n<\/div>\n\n\n\n<div class=\"wp-block-group has-global-padding is-layout-constrained wp-block-group-is-layout-constrained\">\n<p class=\"has-base-font-size\"><strong>29.06.2022<\/strong><\/p>\n\n\n\n<h2 class=\"wp-block-heading has-medium-font-size\" style=\"font-style:normal;font-weight:700\">Die Lage der VTB Bank (Europe) SE hat sich stabilisiert<\/h2>\n\n\n\n<p class=\"has-base-font-size\">Die kritische Situation, in der sich die VTB Bank Europe SE (VTBE) in Frankfurt unmittelbar nach dem Einmarsch Russlands in der Ukraine befand, wurde in den letzten Wochen von der neu eingesetzten Gesch\u00e4ftsf\u00fchrung erfolgreich \u00fcberwunden. &#8222;Die Liquidit\u00e4tslage der Bank ist stabil, und wir konnten die starke Nachfrage nach &#8230;<\/p>\n\n\n\n<div class=\"wp-block-buttons is-layout-flex wp-block-buttons-is-layout-flex\">\n<div class=\"wp-block-button has-custom-width wp-block-button__width-50 is-style-outline is-style-outline--16\"><a class=\"wp-block-button__link has-base-font-size has-custom-font-size wp-element-button\" href=\"https:\/\/owh.de\/de\/die-lage-der-vtb-bank-europe-se-hat-sich-stabilisiert\/\">Mehr lesen<\/a><\/div>\n<\/div>\n\n\n\n<hr class=\"wp-block-separator has-alpha-channel-opacity is-style-wide\"\/>\n<\/div>\n<\/div>\n<\/div>\n","protected":false},"excerpt":{"rendered":"<p>F\u00fcr Presseanfragen wenden Sie sich bitte an presse@owh.de 09.07.2025 OWH SE i.L. ver\u00f6ffentlicht Jahresabschluss f\u00fcr 2024 Im Gesch\u00e4ftsjahr 2024 hat die sich in Liquidation befindliche Frankfurter Gesellschaft OWH SE i.L. (OWH) ihre Bilanzsumme um rund 5,6 Prozent von EUR 2,40 Mrd. auf EUR 2,27 Mrd. reduziert&#8230; 20.08.2024 OWH SE i.L.: &nbsp;Aufsicht hebt Bankerlaubnis auf Die [&hellip;]<\/p>\n","protected":false},"author":2,"featured_media":0,"parent":0,"menu_order":0,"comment_status":"closed","ping_status":"closed","template":"","meta":{"footnotes":""},"class_list":["post-558","page","type-page","status-publish","hentry"],"jetpack_sharing_enabled":true,"_links":{"self":[{"href":"https:\/\/owh.de\/de\/wp-json\/wp\/v2\/pages\/558","targetHints":{"allow":["GET"]}}],"collection":[{"href":"https:\/\/owh.de\/de\/wp-json\/wp\/v2\/pages"}],"about":[{"href":"https:\/\/owh.de\/de\/wp-json\/wp\/v2\/types\/page"}],"author":[{"embeddable":true,"href":"https:\/\/owh.de\/de\/wp-json\/wp\/v2\/users\/2"}],"replies":[{"embeddable":true,"href":"https:\/\/owh.de\/de\/wp-json\/wp\/v2\/comments?post=558"}],"version-history":[{"count":54,"href":"https:\/\/owh.de\/de\/wp-json\/wp\/v2\/pages\/558\/revisions"}],"predecessor-version":[{"id":1561,"href":"https:\/\/owh.de\/de\/wp-json\/wp\/v2\/pages\/558\/revisions\/1561"}],"wp:attachment":[{"href":"https:\/\/owh.de\/de\/wp-json\/wp\/v2\/media?parent=558"}],"curies":[{"name":"wp","href":"https:\/\/api.w.org\/{rel}","templated":true}]}}