{"id":499,"date":"2023-10-16T12:15:52","date_gmt":"2023-10-16T10:15:52","guid":{"rendered":"https:\/\/owh.de\/whistleblowing\/"},"modified":"2025-02-28T18:01:00","modified_gmt":"2025-02-28T17:01:00","slug":"whistleblowing","status":"publish","type":"page","link":"https:\/\/owh.de\/de\/whistleblowing\/","title":{"rendered":"Whistleblowing"},"content":{"rendered":"\n<h2 class=\"wp-block-heading has-medium-font-size\"><strong>Hinweisabgabe per E-Mail<\/strong><\/h2>\n\n\n\n<p>Um potentielle Sch\u00e4den f\u00fcr die OWH SE i.L. zu vermeiden, kommt der Aufdeckung und Ausschaltung m\u00f6glicher Gesetzesverst\u00f6\u00dfe eine Schl\u00fcsselrolle zu. Daher und zum Zwecke der Einhaltung gesetzlicher Vorschriften hat die OWH SE i.L. eine spezielle E-Mail Adresse eingerichtet, die es Mitarbeitenden, Kunden, Lieferanten und Personen in einer vergleichbaren Position erm\u00f6glicht, Meldungen zu m\u00f6glichen Gesetzesverst\u00f6\u00dfen anonym und vertraulich abzugeben.<\/p>\n\n\n\n<p>Bitte wenden Sie sich mit Ihrem Hinweis vertrauensvoll an folgende E-Mail Adresse: <a href=\"mailto:nk@wbxy.de\"><strong>whistleblowing@katerlegal.com.<\/strong><\/a><\/p>\n\n\n\n<p>Der Empf\u00e4nger der Hinweise, die Kanzlei \u201eDr. Navid Kater Legal Services\u201c, ist zur anwaltlichen Vertraulichkeit verpflichtet und wird Ihre Anonymit\u00e4t waren.<\/p>\n\n\n\n<p>Bitte beschreiben Sie den Vorfall im Detail und erkl\u00e4ren Sie den Sachverhalt.<\/p>\n\n\n\n<p>Die von Ihnen bereitgestellten Informationen werden vertraulich behandelt und nur an die f\u00fcr die weitere Bearbeitung zust\u00e4ndigen Stellen gegeben, ohne dass die Identit\u00e4t der hinweisenden Person offenbart wird (es sei denn, Sie sind ausdr\u00fccklich mit der Weiterleitung Ihres Namens einverstanden).<\/p>\n\n\n\n<p>Am Ende der Meldung hinterlassen Sie bitte bei Bedarf Ihre E-Mail Adresse und \/ oder Telefonnummern, \u00fcber diese Sie von uns R\u00fcckmeldungen erhalten und \u00fcber das Ergebnis Ihres Hinweises informiert werden m\u00f6chten.<\/p>\n\n\n\n<hr class=\"wp-block-separator has-alpha-channel-opacity is-style-default\"\/>\n\n\n\n<p><a id=\"_msocom_1\"><\/a><\/p>\n","protected":false},"excerpt":{"rendered":"<p>Hinweisabgabe per E-Mail Um potentielle Sch\u00e4den f\u00fcr die OWH SE i.L. zu vermeiden, kommt der Aufdeckung und Ausschaltung m\u00f6glicher Gesetzesverst\u00f6\u00dfe eine Schl\u00fcsselrolle zu. Daher und zum Zwecke der Einhaltung gesetzlicher Vorschriften hat die OWH SE i.L. eine spezielle E-Mail Adresse eingerichtet, die es Mitarbeitenden, Kunden, Lieferanten und Personen in einer vergleichbaren Position erm\u00f6glicht, Meldungen zu [&hellip;]<\/p>\n","protected":false},"author":2,"featured_media":0,"parent":0,"menu_order":0,"comment_status":"closed","ping_status":"closed","template":"","meta":{"footnotes":""},"class_list":["post-499","page","type-page","status-publish","hentry"],"jetpack_sharing_enabled":true,"_links":{"self":[{"href":"https:\/\/owh.de\/de\/wp-json\/wp\/v2\/pages\/499","targetHints":{"allow":["GET"]}}],"collection":[{"href":"https:\/\/owh.de\/de\/wp-json\/wp\/v2\/pages"}],"about":[{"href":"https:\/\/owh.de\/de\/wp-json\/wp\/v2\/types\/page"}],"author":[{"embeddable":true,"href":"https:\/\/owh.de\/de\/wp-json\/wp\/v2\/users\/2"}],"replies":[{"embeddable":true,"href":"https:\/\/owh.de\/de\/wp-json\/wp\/v2\/comments?post=499"}],"version-history":[{"count":10,"href":"https:\/\/owh.de\/de\/wp-json\/wp\/v2\/pages\/499\/revisions"}],"predecessor-version":[{"id":1494,"href":"https:\/\/owh.de\/de\/wp-json\/wp\/v2\/pages\/499\/revisions\/1494"}],"wp:attachment":[{"href":"https:\/\/owh.de\/de\/wp-json\/wp\/v2\/media?parent=499"}],"curies":[{"name":"wp","href":"https:\/\/api.w.org\/{rel}","templated":true}]}}