{"id":493,"date":"2023-10-16T12:07:50","date_gmt":"2023-10-16T10:07:50","guid":{"rendered":"https:\/\/owh.de\/datenschutz\/"},"modified":"2025-06-04T18:40:53","modified_gmt":"2025-06-04T16:40:53","slug":"datenschutz","status":"publish","type":"page","link":"https:\/\/owh.de\/de\/datenschutz\/","title":{"rendered":"Datenschutz"},"content":{"rendered":"\n<h2 class=\"wp-block-heading\">Datenschutzerkl\u00e4rung<\/h2>\n\n\n\n<p>Die OWH SE i.L.&nbsp;(nachfolgend OWH), freut sich, dass Sie unsere Website besuchen. Datenschutz und Datensicherheit sind f\u00fcr uns sehr wichtig. Wir m\u00f6chten Sie daher an dieser Stelle dar\u00fcber informieren, welche personenbezogenen Daten wir bei Ihrem Besuch auf unserer Website erheben und f\u00fcr welche Zwecke diese verwendet werden.<\/p>\n\n\n\n<p>Da Gesetzes\u00e4nderungen oder \u00c4nderungen unserer unternehmensinternen Prozesse eine Anpassung dieser Datenschutzerkl\u00e4rung erforderlich machen k\u00f6nnen, bitten wir Sie, diese Datenschutzerkl\u00e4rung regelm\u00e4\u00dfig durchzulesen. <\/p>\n\n\n\n<p><strong>\u00a71 Verantwortlicher und Geltungsbereich<\/strong><\/p>\n\n\n\n<p>Der Verantwortliche im Sinne der EU-Datenschutzgrundverordnung (im Folgenden: DSGVO) und anderer nationaler Datenschutzgesetze der Mitgliedsstaaten sowie sonstiger datenschutzrechtlicher Bestimmungen ist:<\/p>\n\n\n\n<p>OWH SE i.L.<br>Taunusanlage 9-10<br>60329 Frankfurt am Main<br>Deutschland<br>E-Mail:\u00a0<a href=\"mailto:service@owh.de\">service@owh.de<\/a><br>Website:\u00a0<a href=\"http:\/\/www.owh.de\/\">www.owh.de<\/a><\/p>\n\n\n\n<p>Diese Datenschutzerkl\u00e4rung gilt f\u00fcr das Internetangebot der OWH, welches unter der Domain&nbsp;<a href=\"http:\/\/www.owh.de\/\">www.owh.de<\/a>&nbsp;sowie den verschiedenen Subdomains (im Folgenden \u201eunsere Website\u201c genannt) abrufbar ist.<\/p>\n\n\n\n<p><strong>\u00a72 Datenschutzbeauftragter<\/strong><\/p>\n\n\n\n<p>Der externe Datenschutzbeauftragte des Verantwortlichen ist:<\/p>\n\n\n\n<p>Herr Dr. Johannes Starke<br>Taunusanlage 9-10<br>D-60329 Frankfurt am Main<br>Telefon: 0049(0)151 287 18 165&nbsp;<br>E-Mail:&nbsp;<a href=\"mailto:j.starke@owh.de\">j.starke@owh.de<\/a><\/p>\n\n\n\n<p><strong>\u00a73 Grunds\u00e4tze der Datenverarbeitung<\/strong><\/p>\n\n\n\n<p>Personenbezogene Daten sind alle Informationen, die sich auf eine identifizierte oder identifizierbare nat\u00fcrliche Person beziehen. Hierzu geh\u00f6ren beispielsweise Informationen wie Ihr Name, Ihr Alter, Ihre Anschrift, Ihre Telefonnummer, Ihr Geburtsdatum, Ihre E-Mail-Adresse, Ihre IP-Adresse oder das Nutzerverhalten. Informationen, bei denen wir keinen (oder nur mit einem unverh\u00e4ltnism\u00e4\u00dfigen Aufwand einen) Bezug zu Ihrer Person herstellen k\u00f6nnen, z.B. durch Anonymisierung der Informationen, sind keine personenbezogenen Daten. Die Verarbeitung von personenbezogenen Daten (bspw. das Erheben, das Abfragen, die Verwendung, die Speicherung oder die \u00dcbermittlung) bedarf immer einer gesetzlichen Grundlage oder Ihrer Einwilligung. Verarbeitete personenbezogene Daten werden gel\u00f6scht, sobald der Zweck der Verarbeitung erreicht wurde und keine gesetzlich vorgeschriebenen Aufbewahrungspflichten mehr zu wahren sind.<\/p>\n\n\n\n<p>Sofern wir f\u00fcr die Bereitstellung bestimmter Angebote Ihre personenbezogenen Daten verarbeiten, informieren wir Sie nachfolgend \u00fcber die konkreten Vorg\u00e4nge, den Umfang und den Zweck der Datenverarbeitung, die Rechtsgrundlage f\u00fcr die Verarbeitung und die jeweilige Speicherdauer.<\/p>\n\n\n\n<p><strong>\u00a74 Einzelne Verarbeitungsvorg\u00e4nge<\/strong><\/p>\n\n\n\n<p><strong>1. Bereitstellung und Nutzung der Webseite<\/strong><\/p>\n\n\n\n<p><strong>a. Art und Umfang der Datenverarbeitung<\/strong><\/p>\n\n\n\n<p>Bei Aufruf und Nutzung unserer Webseite erheben wir die personenbezogenen Daten, die Ihr Browser automatisch an unseren Server \u00fcbermittelt. Diese Informationen werden tempor\u00e4r in einem sog. Logfile gespeichert. Wenn Sie unsere Webseite nutzen, erheben wir die folgenden Daten, die f\u00fcr uns technisch erforderlich sind, um Ihnen unsere Webseite anzuzeigen und die Stabilit\u00e4t und Sicherheit zu gew\u00e4hrleisten:<\/p>\n\n\n\n<ul class=\"wp-block-list\">\n<li>IP-Adresse des anfragenden Rechners<\/li>\n\n\n\n<li>Datum und Uhrzeit des Zugriffs<\/li>\n\n\n\n<li>Name und URL der abgerufenen Datei<\/li>\n\n\n\n<li>Website, von der aus der Zugriff erfolgt (Referrer-URL)<\/li>\n\n\n\n<li>verwendeter Browser und ggf. das Betriebssystem Ihres Rechners, sowie der Name Ihres Access-Providers<\/li>\n<\/ul>\n\n\n\n<p><strong>b. Rechtsgrundlage<\/strong><\/p>\n\n\n\n<p>F\u00fcr die genannte Datenverarbeitung dient Art. 6 Abs. 1 lit. f DSGVO als Rechtsgrundlage. Die Verarbeitung der genannten Daten ist f\u00fcr die Bereitstellung einer Webseite erforderlich und dient damit der Wahrung eines berechtigten Interesses unseres Unternehmens.<\/p>\n\n\n\n<p><strong>c. Speicherdauer<\/strong><\/p>\n\n\n\n<p>Sobald die genannten Daten zur Anzeige der Webseite nicht mehr erforderlich sind, werden sie gel\u00f6scht. Die Erfassung der Daten zur Bereitstellung der Webseite und die Speicherung der Daten in Logfiles ist f\u00fcr den Betrieb der Internetseite zwingend erforderlich. Es besteht folglich seitens des Nutzers keine Widerspruchsm\u00f6glichkeit. Eine weitergehende Speicherung kann im Einzelfall dann erfolgen, wenn dies gesetzlich vorgeschrieben ist.<\/p>\n\n\n\n<p><strong>2. Registrierung auf unserer Webseite<\/strong><\/p>\n\n\n\n<p><strong>\u00a75 Empf\u00e4nger von Daten<\/strong><\/p>\n\n\n\n<p>Wir geben Ihre pers\u00f6nlichen Daten nur an externe Empf\u00e4nger weiter, wenn:<\/p>\n\n\n\n<ul class=\"wp-block-list\">\n<li>Sie hierzu Ihre ausdr\u00fcckliche Einwilligung nach Art. 6 Abs. 1 lit. a DSGVO erteilt haben<\/li>\n\n\n\n<li>dies gesetzlich zul\u00e4ssig und nach Art. 6 Abs. 1 lit. b DSGVO zur Erf\u00fcllung eines Vertragsverh\u00e4ltnisses mit Ihnen erforderlich ist<\/li>\n\n\n\n<li>nach Art. 6 Abs. 1 lit. c DSGVO f\u00fcr die Weitergabe eine gesetzliche Verpflichtung besteht<\/li>\n\n\n\n<li>die Weitergabe nach Art. 6 Abs. 1 lit. f DSGVO zur Wahrung berechtigter Unternehmensinteressen, sowie zur Geltendmachung, Aus\u00fcbung oder Verteidigung von Rechtsanspr\u00fcchen erforderlich ist und kein Grund zur Annahme besteht, dass Sie ein \u00fcberwiegendes schutzw\u00fcrdiges Interesse an der Nichtweitergabe Ihrer Daten haben.<\/li>\n<\/ul>\n\n\n\n<p>Dar\u00fcber hinaus bedienen wir uns im Rahmen der Verwaltung der Webseite und der damit verbundenen Datenverarbeitung externer Dienstleister im Rahmen der Auftragsverarbeitung (Art. 28 DSGVO).<\/p>\n\n\n\n<p><strong>\u00a76 Cookies<\/strong><\/p>\n\n\n\n<p><strong>a. Art und Umfang der Datenverarbeitung<\/strong><\/p>\n\n\n\n<p>Wir setzten auf unserer Webseite Cookies ein. Cookies sind kleine Dateien, die im Rahmen Ihres Besuchs unserer Internetseiten von uns an den Browser Ihres Endger\u00e4ts gesendet und dort gespeichert werden. Einige Funktionen unserer Internetseite k\u00f6nnen ohne den Einsatz technisch notwendiger Cookies nicht angeboten werden. Andere Cookies erm\u00f6glichen uns hingegen verschiedene Analysen. Cookies sind beispielsweise in der Lage, den von Ihnen verwendeten Browser bei einem erneuten Besuch unserer Webseite wiederzuerkennen und verschiedene Informationen an uns zu \u00fcbermitteln. Mithilfe von Cookies k\u00f6nnen wir unter anderem unser Internetangebot f\u00fcr Sie nutzerfreundlicher und effektiver gestalten, indem wir etwa Ihre Nutzung unserer Webseite nachvollziehen und Ihre bevorzugten Einstellungen (bspw. L\u00e4nder- und Spracheneinstellungen) feststellen. Sofern Dritte \u00fcber Cookies Informationen verarbeiten, erheben diese die Informationen direkt \u00fcber Ihren Browser. Cookies richten auf Ihrem Endger\u00e4t keinen Schaden an. Sie k\u00f6nnen keine Programme ausf\u00fchren und keine Viren enthalten.<\/p>\n\n\n\n<p>Auf unserer Webseite werden verschiedene Arten von Cookies verwendet, deren Art und Funktion nachfolgend n\u00e4her erl\u00e4utert wird.<\/p>\n\n\n\n<p><strong>Transient-Cookies:<\/strong><\/p>\n\n\n\n<p>Auf unserer Webseite werden Transient-Cookies verwendet, die automatisch gel\u00f6scht werden, sobald Sie Ihren Browser schlie\u00dfen. Diese Art von Cookies erm\u00f6glicht es, Ihre Session-ID zu erfassen. Dadurch lassen sich verschiedene Anfragen Ihres Browsers einer gemeinsamen Sitzung zuordnen und es ist uns m\u00f6glich, Ihr Endger\u00e4t bei sp\u00e4teren Webseitenbesuchen innerhalb einer Sitzung wiederzuerkennen.<\/p>\n\n\n\n<p><strong>Erforderliche Cookies:<\/strong><\/p>\n\n\n\n<p>Diese Cookies werden aus technischen Gr\u00fcnden ben\u00f6tigt, damit Sie unsere Webseite besuchen und von uns angebotene Funktionen nutzen k\u00f6nnen. Dies bezieht sich beispielsweise auf folgende Anwendungen: Banner-Element zur Kommunikation der Cookie-Nutzung, und Element zur Besucherinformation \u00fcber Nutzung eines veralteten Browsers. Au\u00dferdem tragen diese Cookies zu einer sicheren und vorschriftsgem\u00e4\u00dfen Nutzung der Webseite bei.<\/p>\n\n\n\n<p><strong>b. Rechtsgrundlage<\/strong><\/p>\n\n\n\n<p>Aufgrund der beschriebenen Verwendungszwecke (vgl. \u00a76 a.) liegt die Rechtsgrundlage f\u00fcr die Verwendung von technisch erforderlichen Cookies in Art. 6 Abs. 1 lit. f DSGVO.<\/p>\n\n\n\n<p><strong>c. Speicherdauer<\/strong><\/p>\n\n\n\n<p>Sobald die erhobenen Daten f\u00fcr die Erreichung der oben beschriebenen Zwecke nicht mehr erforderlich sind, werden diese Informationen gel\u00f6scht. Eine weitergehende Speicherung kann im Einzelfall dann erfolgen, wenn dies gesetzlich vorgeschrieben ist.<\/p>\n\n\n\n<p><strong>d. Konfiguration der Browsereinstellungen<\/strong><\/p>\n\n\n\n<p>Die meisten Browser sind so voreingestellt, dass sie Cookies standardm\u00e4\u00dfig akzeptieren. Sie k\u00f6nnen Ihren jeweiligen Browser jedoch so konfigurieren, dass er nur noch bestimmte oder auch gar keine Cookies mehr akzeptiert. Wir weisen Sie jedoch darauf hin, dass Sie m\u00f6glicherweise nicht mehr alle Funktionen unserer Webseite nutzen k\u00f6nnen, wenn Cookies durch Ihre Browsereinstellungen auf unserer Webseite deaktiviert werden. \u00dcber Ihre Browsereinstellungen k\u00f6nnen Sie auch bereits in Ihrem Browser gespeicherte Cookies l\u00f6schen. Weiterhin ist es m\u00f6glich, Ihren Browser so einzustellen, dass er Sie benachrichtigt, bevor Cookies gespeichert werden. Da sich die verschiedenen Browser in ihren jeweiligen Funktionsweisen unterscheiden k\u00f6nnen, bitten wir Sie, dass jeweilige Hilfe-Men\u00fc Ihres Browsers f\u00fcr die Konfigurationsm\u00f6glichkeiten in Anspruch zu nehmen.<\/p>\n\n\n\n<p>Falls Sie eine umfassende \u00dcbersicht aller Zugriffe Dritter auf Ihren Internetbrowser w\u00fcnschen, empfehlen wir Ihnen die Installation hierzu speziell entwickelter Plug-Ins.<\/p>\n\n\n\n<p><strong>\u00a77 Hyperlinks<\/strong><\/p>\n\n\n\n<p>Auf unserer Webseite befinden sich sog. Hyperlinks zu Webseiten anderer Anbieter. Bei Aktivierung dieser Hyperlinks werden Sie von unserer Webseite direkt auf die Webseite der anderen Anbieter weitergeleitet. Sie erkennen dies u. a. am Wechsel der URL. Wir k\u00f6nnen keine Verantwortung f\u00fcr den vertraulichen Umgang Ihrer Daten auf diesen Webseiten Dritter \u00fcbernehmen, da wir keinen Einfluss darauf haben, dass diese Unternehmen die Datenschutzbestimmungen einhalten. \u00dcber den Umgang mit Ihren personenbezogenen Daten durch diese Unternehmen informieren Sie sich bitte direkt auf diesen Webseiten.<\/p>\n\n\n\n<p><strong>\u00a78 Betroffenenrechte<\/strong><\/p>\n\n\n\n<p>Aus der DSGVO ergeben sich f\u00fcr Sie als Betroffener einer Verarbeitung personenbezogener Daten die folgenden Rechte:<\/p>\n\n\n\n<ul class=\"wp-block-list\">\n<li>Gem\u00e4\u00df Art. 15 DSGVO k\u00f6nnen Sie Auskunft \u00fcber Ihre von uns verarbeiteten personenbezogenen Daten verlangen. Sie k\u00f6nnen insbesondere Auskunft \u00fcber die Verarbeitungszwecke, die Kategorien der personenbezogenen Daten, die Kategorien von Empf\u00e4ngern, gegen\u00fcber denen Ihre Daten offengelegt wurden oder werden, die geplante Speicherdauer, das Bestehen eines Rechts auf Berichtigung, L\u00f6schung, Einschr\u00e4nkung der Verarbeitung oder Widerspruch, das Bestehen eines Beschwerderechts, die Herkunft ihrer Daten, sofern diese nicht bei uns erhoben wurden, \u00fcber eine \u00dcbermittlung in Drittl\u00e4nder oder an internationale Organisationen sowie \u00fcber das Bestehen einer automatisierten Entscheidungsfindung einschlie\u00dflich Profiling und ggf. aussagekr\u00e4ftige Informationen zu deren Einzelheiten verlangen.<\/li>\n\n\n\n<li>Gem\u00e4\u00df Art. 16 DSGVO k\u00f6nnen Sie unverz\u00fcglich die Berichtigung unrichtiger oder die Vervollst\u00e4ndigung Ihrer bei uns gespeicherten personenbezogenen Daten verlangen.<\/li>\n\n\n\n<li>Gem\u00e4\u00df Art. 17 DSGVO k\u00f6nnen Sie die L\u00f6schung Ihrer bei uns gespeicherten personenbezogenen Daten verlangen, soweit die Verarbeitung nicht zur Aus\u00fcbung des Rechts auf freie Meinungs\u00e4u\u00dferung und Information, zur Erf\u00fcllung einer rechtlichen Verpflichtung, aus Gr\u00fcnden des \u00f6ffentlichen Interesses oder zur Geltendmachung, Aus\u00fcbung oder Verteidigung von Rechtsanspr\u00fcchen erforderlich ist.<\/li>\n\n\n\n<li>Gem\u00e4\u00df Art. 18 DSGVO k\u00f6nnen Sie die Einschr\u00e4nkung der Verarbeitung Ihrer personenbezogenen Daten verlangen, soweit die Richtigkeit der Daten von Ihnen bestritten wird, die Verarbeitung unrechtm\u00e4\u00dfig ist, wir die Daten nicht mehr ben\u00f6tigen und Sie deren L\u00f6schung ablehnen, weil Sie diese zur Geltendmachung, Aus\u00fcbung oder Verteidigung von Rechtsanspr\u00fcchen ben\u00f6tigen. Das Recht aus Art. 18 DSGVO steht Ihnen auch zu, wenn Sie gem\u00e4\u00df Art. 21 DSGVO Widerspruch gegen die Verarbeitung eingelegt haben.<\/li>\n\n\n\n<li>Gem\u00e4\u00df Art. 20 DSGVO k\u00f6nnen Sie verlangen, Ihre personenbezogenen Daten, die Sie uns bereitgestellt haben, in einem strukturierten, g\u00e4ngigen und maschinenlesebaren Format zu erhalten oder Sie k\u00f6nnen die \u00dcbermittlung an einen anderen Verantwortlichen verlangen.<\/li>\n\n\n\n<li>Gem\u00e4\u00df Art. 7 Abs. 3 DSGVO k\u00f6nnen Sie Ihre einmal erteilte Einwilligung jederzeit gegen\u00fcber uns widerrufen. Dies hat zur Folge, dass wir die auf dieser Einwilligung beruhende Datenverarbeitung f\u00fcr die Zukunft nicht mehr fortf\u00fchren d\u00fcrfen.<\/li>\n\n\n\n<li>Gem\u00e4\u00df Art. 77 DSGVO steht Ihnen das Recht zu, sich bei einer Aufsichtsbeh\u00f6rde zu beschweren. In der Regel k\u00f6nnen Sie sich hierf\u00fcr an die Aufsichtsbeh\u00f6rde Ihres \u00fcblichen Aufenthaltsortes, Ihres Arbeitsplatzes oder unseres Unternehmenssitzes wenden.<\/li>\n<\/ul>\n\n\n\n<p><strong>\u00a79 Widerspruchsrecht<\/strong><\/p>\n\n\n\n<p>Bei der Verarbeitung Ihrer personenbezogenen Daten auf Grundlage berechtigter Interessen gem\u00e4\u00df Art. 6 Abs. 1 lit. f DSGVO, haben Sie das Recht, gem\u00e4\u00df Art. 21 DSGVO Widerspruch gegen die Verarbeitung Ihrer personenbezogenen Daten einzulegen, soweit daf\u00fcr Gr\u00fcnde vorliegen, die sich aus Ihrer besonderen Situation ergeben oder sich der Widerspruch gegen Direktwerbung richtet. Im Fall der Direktwerbung besteht f\u00fcr Sie ein generelles Widerspruchsrecht, das von uns ohne Angabe einer besonderen Situation umgesetzt wird.<\/p>\n\n\n\n<p><strong>\u00a710 Datensicherheit und Sicherungsma\u00dfnahmen<\/strong><\/p>\n\n\n\n<p>Wir verpflichten uns, Ihre Privatsph\u00e4re zu sch\u00fctzen und Ihre personenbezogenen Daten vertraulich zu behandeln. Um eine Manipulation, einen Verlust oder einen Missbrauch Ihrer bei uns gespeicherten Daten zu vermeiden, treffen wir umfangreiche technische und organisatorische Sicherheitsvorkehrungen, die regelm\u00e4\u00dfig \u00fcberpr\u00fcft und dem technologischen Fortschritt angepasst werden. Hierzu geh\u00f6rt unter anderem die Verwendung anerkannter Verschl\u00fcsselungsverfahren (SSL oder TLS). Wir weisen Sie jedoch darauf hin, dass es aufgrund der Struktur des Internets m\u00f6glich ist, dass die Regeln des Datenschutzes und die o. g. Sicherungsma\u00dfnahmen von anderen, nicht innerhalb unseres Verantwortungsbereichs liegenden Personen oder Institutionen nicht beachtet werden. Insbesondere k\u00f6nnen unverschl\u00fcsselt preisgegebene Daten \u2013 z. B. wenn dies per E-Mail erfolgt \u2013 von Dritten mitgelesen werden. Wir haben technisch hierauf keinen Einfluss. Es liegt im Verantwortungsbereich des Nutzers, die von ihm zur Verf\u00fcgung gestellten Daten durch Verschl\u00fcsselung oder in sonstiger Weise gegen Missbrauch zu sch\u00fctzen.<\/p>\n","protected":false},"excerpt":{"rendered":"<p>Datenschutzerkl\u00e4rung Die OWH SE i.L.&nbsp;(nachfolgend OWH), freut sich, dass Sie unsere Website besuchen. Datenschutz und Datensicherheit sind f\u00fcr uns sehr wichtig. Wir m\u00f6chten Sie daher an dieser Stelle dar\u00fcber informieren, welche personenbezogenen Daten wir bei Ihrem Besuch auf unserer Website erheben und f\u00fcr welche Zwecke diese verwendet werden. Da Gesetzes\u00e4nderungen oder \u00c4nderungen unserer unternehmensinternen Prozesse [&hellip;]<\/p>\n","protected":false},"author":2,"featured_media":0,"parent":0,"menu_order":0,"comment_status":"closed","ping_status":"closed","template":"","meta":{"footnotes":""},"class_list":["post-493","page","type-page","status-publish","hentry"],"jetpack_sharing_enabled":true,"_links":{"self":[{"href":"https:\/\/owh.de\/de\/wp-json\/wp\/v2\/pages\/493","targetHints":{"allow":["GET"]}}],"collection":[{"href":"https:\/\/owh.de\/de\/wp-json\/wp\/v2\/pages"}],"about":[{"href":"https:\/\/owh.de\/de\/wp-json\/wp\/v2\/types\/page"}],"author":[{"embeddable":true,"href":"https:\/\/owh.de\/de\/wp-json\/wp\/v2\/users\/2"}],"replies":[{"embeddable":true,"href":"https:\/\/owh.de\/de\/wp-json\/wp\/v2\/comments?post=493"}],"version-history":[{"count":10,"href":"https:\/\/owh.de\/de\/wp-json\/wp\/v2\/pages\/493\/revisions"}],"predecessor-version":[{"id":1511,"href":"https:\/\/owh.de\/de\/wp-json\/wp\/v2\/pages\/493\/revisions\/1511"}],"wp:attachment":[{"href":"https:\/\/owh.de\/de\/wp-json\/wp\/v2\/media?parent=493"}],"curies":[{"name":"wp","href":"https:\/\/api.w.org\/{rel}","templated":true}]}}