{"id":482,"date":"2023-10-16T11:34:37","date_gmt":"2023-10-16T09:34:37","guid":{"rendered":"https:\/\/owh.de\/test-seite\/impint\/"},"modified":"2025-07-21T08:57:32","modified_gmt":"2025-07-21T06:57:32","slug":"imprint","status":"publish","type":"page","link":"https:\/\/owh.de\/de\/imprint\/","title":{"rendered":"IMPRESSUM"},"content":{"rendered":"\n<h2 class=\"wp-block-heading\"><\/h2>\n\n\n\n<p class=\"has-black-color has-text-color\"><strong>Adresse<\/strong><\/p>\n\n\n\n<p>OWH SE i.L.<br>Marienturm, Taunusanlage 9-10<br>60329 Frankfurt am Main<\/p>\n\n\n\n<p><strong>E-Mail<\/strong><\/p>\n\n\n\n<p><a href=\"mailto:service@owh.de\">service@owh.de<\/a><\/p>\n\n\n\n<p><strong>Website<\/strong><\/p>\n\n\n\n<p><a href=\"http:\/\/www.owh.de\/\">www.owh.de<\/a><\/p>\n\n\n\n<p><em>Der Server f\u00fcr diese Website befindet sich in Frankfurt am Main, Deutschland. Die Umsatzsteuer-Identifikationsnummer der OWH SE i.L., Frankfurt am Main lautet DE 114104505.<\/em><\/p>\n\n\n\n<p>Die OWH SE i.L. ist eine Aktiengesellschaft nach europ\u00e4ischem Recht und hat ihren Sitz in Frankfurt am Main. Die Gesellschaft ist unter der Nummer HRB 12169 im Handelsregister Frankfurt am Main eingetragen.<br>Die OWH SE i.L. befindet sich in der Abwicklung und geht keine Bank- oder Wertpapiergesch\u00e4fte mehr ein, sondern wickelt ausschlie\u00dflich ihr Bestandsgesch\u00e4ft ab. Einzelheiten zur Abwicklung finden Sie <a href=\"https:\/\/owh.de\/de\/beschluss-ueber-die-liquidation-der-vtb-bank-europe-se\/\">hier<\/a>.<\/p>\n\n\n\n<p><strong>Aufsichtsbeh\u00f6rde<\/strong><\/p>\n\n\n\n<p>Die Abwicklung wird von der Bundesanstalt f\u00fcr Finanzdienstleistungsaufsicht (Graurheindorfer Stra\u00dfe 108, 53117 Bonn, und Marie-Curie-Stra\u00dfe 24-28, 60439 Frankfurt am Main) bis zur endg\u00fcltigen Beendigung noch abzuwickelnder Bankgesch\u00e4fte und Finanzdienstleistungen beaufsichtigt. Einzelheiten zum aufsichtsrechtlichen Status finden Sie <a href=\"https:\/\/owh.de\/de\/nachrichten\/\">hier<\/a>.<\/p>\n\n\n\n<p><strong>Liquidatoren<\/strong><\/p>\n\n\n\n<p>Frank Hellwig (Sonderbeauftragter der BaFin), Miro Zadro<\/p>\n\n\n\n<p><strong>Vorsitzender des Aufsichtsrates<\/strong><\/p>\n\n\n\n<p>Dr. Peter Schad (Sonderbeauftragter der BaFin)<\/p>\n\n\n\n<p><strong>Rechtliche Hinweise<\/strong><\/p>\n\n\n\n<p>Die OWH SE i.L. pr\u00fcft und aktualisiert st\u00e4ndig die Informationen auf ihrer Webseite. Trotz aller Sorgfalt kann eine Haftung oder Garantie f\u00fcr die Aktualit\u00e4t, Richtigkeit und Vollst\u00e4ndigkeit der zur Verf\u00fcgung gestellten Informationen nicht \u00fcbernommen werden. Gleiches gilt auch f\u00fcr Webseiten, auf die mittels Hyperlink verwiesen wird. Die OWH SE i.L. ist f\u00fcr den Inhalt der Webseiten, die aufgrund von Links erreicht werden, nicht verantwortlich. F\u00fcr den Inhalt der verlinkten Seiten sind ausschlie\u00dflich deren Betreiber verantwortlich. Zudem beh\u00e4lt sich die OWH SE i.L. das Recht vor, \u00c4nderungen oder Erg\u00e4nzungen der bereitgestellten Informationen vorzunehmen.<\/p>\n\n\n\n<p>Inhalt und Aufbau der Internetseiten der OWH SE i.L. sind urheberrechtlich gesch\u00fctzt. Die Vervielf\u00e4ltigung von Informationen oder Daten, insbesondere die Verwendung von Texten, Textteilen oder Bildmaterial, bedarf der vorherigen Zustimmung der OWH SE i.L.<\/p>\n\n\n\n<p><strong>Einlagensicherung<\/strong><\/p>\n\n\n\n<p>Die OWH SE i.L. ist im Rahmen der gesetzlichen Einlagensicherung der Entsch\u00e4digungseinrichtung deutscher Banken GmbH zugeordnet. Diese sch\u00fctzt Einlagen, welche vor dem 20. August 2024 bei der OWH SE i.L. eingelegt wurden, bis zu einer Obergrenze von 100.000 Euro pro Einleger. Ma\u00dfgeblich ist das Einlagensicherungsgesetz (EinSiG). Dar\u00fcber hinaus hat die OWH SE i.L. bis zum 20. August 2024 im Einlagensicherungsfonds des <a>Bundesverbands deutscher Banken e.V.<\/a> mitgewirkt. Der Einlagensicherungsfonds sichert gem\u00e4\u00df seinem Statut \u2013 vorbehaltlich der darin vorgesehenen Ausnahmen \u2013 nach dem Ende der Mitwirkung der OWH SE i.L. die Guthaben des einzelnen Kunden, die nicht sp\u00e4ter als einen Monat nach der Bekanntgabe des Ausscheidens aus dem Einlagensicherungsfonds im Bundesanzeiger get\u00e4tigt oder prolongiert wurden oder im Wege der Einzel- oder Gesamtrechtsnachfolge \u00fcbertragen werden oder die der Gl\u00e4ubiger nach diesem Zeitpunkt nicht zum n\u00e4chstm\u00f6glichen Termin gek\u00fcndigt bzw. zur\u00fcckgefordert hat. Detaillierte Informationen finden Sie beim <a href=\"https:\/\/bankenverband.de\/informationen-zur-einlagensicherung\/\" target=\"_blank\" rel=\"noreferrer noopener\">Bankenverband<\/a>.<\/p>\n\n\n\n<hr class=\"wp-block-separator has-alpha-channel-opacity\"\/>\n\n\n\n<p><a id=\"_msocom_1\"><\/a><\/p>\n\n\n\n<p><a id=\"_msocom_3\"><\/a><\/p>\n","protected":false},"excerpt":{"rendered":"<p>Adresse OWH SE i.L.Marienturm, Taunusanlage 9-1060329 Frankfurt am Main E-Mail service@owh.de Website www.owh.de Der Server f\u00fcr diese Website befindet sich in Frankfurt am Main, Deutschland. Die Umsatzsteuer-Identifikationsnummer der OWH SE i.L., Frankfurt am Main lautet DE 114104505. Die OWH SE i.L. ist eine Aktiengesellschaft nach europ\u00e4ischem Recht und hat ihren Sitz in Frankfurt am Main. [&hellip;]<\/p>\n","protected":false},"author":2,"featured_media":0,"parent":0,"menu_order":0,"comment_status":"closed","ping_status":"closed","template":"","meta":{"footnotes":""},"class_list":["post-482","page","type-page","status-publish","hentry"],"jetpack_sharing_enabled":true,"_links":{"self":[{"href":"https:\/\/owh.de\/de\/wp-json\/wp\/v2\/pages\/482","targetHints":{"allow":["GET"]}}],"collection":[{"href":"https:\/\/owh.de\/de\/wp-json\/wp\/v2\/pages"}],"about":[{"href":"https:\/\/owh.de\/de\/wp-json\/wp\/v2\/types\/page"}],"author":[{"embeddable":true,"href":"https:\/\/owh.de\/de\/wp-json\/wp\/v2\/users\/2"}],"replies":[{"embeddable":true,"href":"https:\/\/owh.de\/de\/wp-json\/wp\/v2\/comments?post=482"}],"version-history":[{"count":20,"href":"https:\/\/owh.de\/de\/wp-json\/wp\/v2\/pages\/482\/revisions"}],"predecessor-version":[{"id":1587,"href":"https:\/\/owh.de\/de\/wp-json\/wp\/v2\/pages\/482\/revisions\/1587"}],"wp:attachment":[{"href":"https:\/\/owh.de\/de\/wp-json\/wp\/v2\/media?parent=482"}],"curies":[{"name":"wp","href":"https:\/\/api.w.org\/{rel}","templated":true}]}}