{"id":463,"date":"2023-10-16T09:10:35","date_gmt":"2023-10-16T09:10:35","guid":{"rendered":"https:\/\/owh.de\/?page_id=463"},"modified":"2024-06-28T12:46:48","modified_gmt":"2024-06-28T10:46:48","slug":"direktbank","status":"publish","type":"page","link":"https:\/\/owh.de\/de\/direktbank\/","title":{"rendered":"Direktbank"},"content":{"rendered":"\n<p class=\"has-neue-helvetica-55-roman-font-family\">Sehr geehrte &#8211; ehemalige &#8211; Kundinnen und Kunden,<\/p>\n\n\n\n<p class=\"has-neue-helvetica-55-roman-font-family\">auf Grundlage und in Umsetzung des Liquidationsbeschlusses vom 24. M\u00e4rz 2023 (dazu finden Sie Informationen\u00a0<a href=\"https:\/\/owh.de\/de\/beschluss-ueber-die-liquidation-der-vtb-bank-europe-se\/\">hier<\/a>)\u00a0wurden im Jahr 2023 s\u00e4mtliche Gesch\u00e4ftsbeziehungen mit den Kunden unserer ehemaligen Online-Bank VTB Direktbank beendet. S\u00e4mtliche Einlagen und f\u00e4lligen Zinsen wurden an unsere Kunden zur\u00fcckgef\u00fchrt. S\u00e4mtliche Kundenkonten sind geschlossen.\u00a0\u00a0<\/p>\n\n\n\n<p>Unseren ehemaligen Kundinnen und Kunden steht noch eine Nachbetreuung zur Verf\u00fcgung. Diese Nachbetreuung erfolgt unter dem neuen Namen OWH SE i. L. (Informationen zum Namenswechsel finden Sie <a href=\"https:\/\/owh.de\/de\/vtb-bank-europe-se-i-l-aendert-namen-in-owh-se-i-l\/\">hier<\/a>) und ist per E-Mail unter <a href=\"mailto:kundenservice@owh.de\"><strong>kundenservice@owh.de<\/strong><\/a> erreichbar.<\/p>\n\n\n\n<p class=\"has-neue-helvetica-55-roman-font-family\">Zu unserem Bedauern konnten wir in wenigen F\u00e4llen vorhandene Guthaben trotz unserer intensiven Bem\u00fchungen nicht unmittelbar an die Kunden zur\u00fcckf\u00fchren. Diese Guthaben haben wir zugunsten der betroffenen Kunden zur Hinterlegung beim Amtsgericht Frankfurt am Main als zust\u00e4ndige \u00f6ffentliche Hinterlegungsstelle gebracht.\u00a0Die wichtigsten Fragestellungen im Zusammenhang mit der Hinterlegung von Guthaben haben wir in einem Fragen- und Antwortkatalog (F&amp;A) zusammengefasst, den Sie unter folgendem Link\u00a0finden (<strong><a href=\"https:\/\/owh.de\/fa-beendigung-der-geschaftsbeziehungen-durch-die-ehemalige-vtb-direktbank\/\">F&amp;A<\/a><\/strong>).<\/p>\n\n\n\n<p class=\"has-neue-helvetica-55-roman-font-family\">Sollten Sie unter Ber\u00fccksichtigung der F&amp;A meinen, dass Sie noch Zahlungsanspr\u00fcche gegen die ehemalige VTB Direktbank haben, wenden Sie sich zun\u00e4chst direkt per E-Mail an den Nachbetreuungsservice. Dort erfahren Sie, ob und unter welchen Aktenzeichen wir Gelder f\u00fcr Sie beim Amtsgericht hinterlegt haben.<\/p>\n\n\n\n<p class=\"has-neue-helvetica-55-roman-font-family\">Wir bedanken uns an dieser Stelle nochmals bei allen unseren ehemaligen Kunden f\u00fcr Ihr langj\u00e4hriges Vertrauen, die vielen netten Worte sowie f\u00fcr den\u00a0Zuspruch und das Verst\u00e4ndnis f\u00fcr die besondere Situation der Bank\u00a0in den vergangenen Monaten.<\/p>\n\n\n\n<p class=\"has-neue-helvetica-55-roman-font-family\"><\/p>\n\n\n\n<p class=\"has-neue-helvetica-55-roman-font-family\"><\/p>\n","protected":false},"excerpt":{"rendered":"<p>Sehr geehrte &#8211; ehemalige &#8211; Kundinnen und Kunden, auf Grundlage und in Umsetzung des Liquidationsbeschlusses vom 24. M\u00e4rz 2023 (dazu finden Sie Informationen\u00a0hier)\u00a0wurden im Jahr 2023 s\u00e4mtliche Gesch\u00e4ftsbeziehungen mit den Kunden unserer ehemaligen Online-Bank VTB Direktbank beendet. S\u00e4mtliche Einlagen und f\u00e4lligen Zinsen wurden an unsere Kunden zur\u00fcckgef\u00fchrt. S\u00e4mtliche Kundenkonten sind geschlossen.\u00a0\u00a0 Unseren ehemaligen Kundinnen und [&hellip;]<\/p>\n","protected":false},"author":2,"featured_media":0,"parent":0,"menu_order":0,"comment_status":"closed","ping_status":"closed","template":"","meta":{"footnotes":""},"class_list":["post-463","page","type-page","status-publish","hentry"],"jetpack_sharing_enabled":true,"_links":{"self":[{"href":"https:\/\/owh.de\/de\/wp-json\/wp\/v2\/pages\/463","targetHints":{"allow":["GET"]}}],"collection":[{"href":"https:\/\/owh.de\/de\/wp-json\/wp\/v2\/pages"}],"about":[{"href":"https:\/\/owh.de\/de\/wp-json\/wp\/v2\/types\/page"}],"author":[{"embeddable":true,"href":"https:\/\/owh.de\/de\/wp-json\/wp\/v2\/users\/2"}],"replies":[{"embeddable":true,"href":"https:\/\/owh.de\/de\/wp-json\/wp\/v2\/comments?post=463"}],"version-history":[{"count":11,"href":"https:\/\/owh.de\/de\/wp-json\/wp\/v2\/pages\/463\/revisions"}],"predecessor-version":[{"id":1299,"href":"https:\/\/owh.de\/de\/wp-json\/wp\/v2\/pages\/463\/revisions\/1299"}],"wp:attachment":[{"href":"https:\/\/owh.de\/de\/wp-json\/wp\/v2\/media?parent=463"}],"curies":[{"name":"wp","href":"https:\/\/api.w.org\/{rel}","templated":true}]}}