{"id":423,"date":"2024-08-20T17:43:20","date_gmt":"2024-08-20T15:43:20","guid":{"rendered":"https:\/\/owh.de\/ueber-uns\/"},"modified":"2024-08-20T17:16:09","modified_gmt":"2024-08-20T15:16:09","slug":"ueber-uns","status":"publish","type":"page","link":"https:\/\/owh.de\/de\/ueber-uns\/","title":{"rendered":"\u00dcber uns"},"content":{"rendered":"\n<h2 class=\"wp-block-heading has-neue-helvetica-55-roman-font-family has-x-large-font-size\">Aktuelle Situation bei der OWH SE i.L.<\/h2>\n\n\n\n<p class=\"has-neue-helvetica-55-roman-font-family\">Die Europ\u00e4ische Zentralbank und die Bundesanstalt f\u00fcr Finanzdienstleistungsaufsicht (BaFin) haben mit Wirkung zum 20.08.2024 die <strong>Bankerlaubnis<\/strong> der in Abwicklung befindlichen OWH SE i.L. <strong>aufgehoben<\/strong>. Weitere Informationen dazu unter diesem <a href=\"https:\/\/owh.de\/de\/owh-aufsicht-hebt-bankerlaubnis-auf\/\">Link<\/a>.<\/p>\n\n\n\n<p>Die au\u00dferordentliche Hauptversammlung der VTB Bank (Europe) SE i.L., Frankfurt am Main, hat am 11. Dezember 2023 eine \u00c4nderung der Firma beschlossen. Mit Wirkung vom 2. Januar 2024 lautet die Firma&nbsp;<strong>OWH SE i.L.<\/strong><\/p>\n\n\n\n<p>Mit Beschluss der au\u00dferordentlichen Hauptversammlung vom 24. M\u00e4rz 2023 in Frankfurt am Main, wurde die OWH zum 1. April 2023 aufgel\u00f6st und in ein <strong>Liquidationsverfahren <\/strong>\u00fcberf\u00fchrt. Die Abk\u00fcrzung \u201ei.L.\u201c im Namen steht f\u00fcr \u201ein Liquidation\u201c. Im Rahmen ihrer Liquidation wickelt die OWH alle bestehenden Gesch\u00e4fts- und Kundenbeziehungen ab. Diese Abwicklung kann und wird auch nach dem Entzug der Bankerlaubnis ohne Einschr\u00e4nkungen fortgesetzt.<\/p>\n\n\n\n<p><strong>Mehrheitsaktion\u00e4rin <\/strong>der OWH ist weiterhin die <strong>PJSC VTB Bank<\/strong>, St. Petersburg \/ Russische F\u00f6deration, die am 8. April 2022 von der Europ\u00e4ischen Union (EU) in die Liste sanktionierter Unternehmen aufgenommen wurde.<\/p>\n\n\n\n<p>Im April 2022 untersagte die <strong>BaFin <\/strong>der PJSC VTB Bank die Aus\u00fcbung der Stimmrechte aus den von ihr gehalten Anteilen an ihrer Tochtergesellschaft VTB Bank (Europe) SE, also der heutigen OWH. Gleichzeitig untersagte die BaFin der Gesch\u00e4ftsleitung, Weisungen der PJSC VTB Bank zu <a>befolgen <\/a><a href=\"https:\/\/www.bafin.de\/SharedDocs\/Veroeffentlichungen\/DE\/Pressemitteilung\/2022\/pm_2022_04_10_VTB_Bank.html;jsessionid=58D0E85EE5E07EEE024A3F4A0394A8A6.internet951\">(siehe\u00a0Pressemitteilung der BaFin vom 10. April 2022)<\/a>. Im Juni 2022 bestellte das Amtsgericht Frankfurt am Main auf Antrag der BaFin einen <strong>Treuh\u00e4nder<\/strong>, der seitdem die Stimmrechte der PJSC VTB Bank aus\u00fcbt. Diese Ma\u00dfnahmen f\u00fchren \u2013 zusammen mit dem angeordneten Verbot von Zahlungen oder sonstigen Verm\u00f6gens\u00fcbertragungen zugunsten der VTB-Gruppe \u2013 dazu, dass <strong>die OWH vollst\u00e4ndig von ihrer russischen Muttergesellschaft und deren Konzern abgeschirmt <\/strong>ist.<\/p>\n\n\n\n<p>Die OWH f\u00e4llt deshalb <strong>nicht<\/strong> <strong>unter die EU-Sanktionen<\/strong>, die im Zusammenhang mit dem Krieg der Russischen F\u00f6deration gegen die Ukraine verh\u00e4ngt wurden. Dies wurde unter anderem von der Deutsche Bundesbank, der zust\u00e4ndigen Beh\u00f6rde f\u00fcr die \u00dcberwachung von Finanzsanktionen in Deutschland, ausdr\u00fccklich best\u00e4tigt.<\/p>\n\n\n\n<p>Im Hinblick auf die vom Vereinigten K\u00f6nigreich von Gro\u00dfbritannien und Nordirland und den Vereinigten Staaten von Amerika (USA) verh\u00e4ngten <strong>Sanktionen gegen die PJSC VTB Bank und OWH<\/strong> haben die zust\u00e4ndigen Beh\u00f6rden der OWH Genehmigungen erteilt, die ihr die Umsetzung der Liquidation erm\u00f6glichen sollen. Die US-Sanktionsbeh\u00f6rde hat die OWH Anfang April 2024 von der Liste der sanktionierten Personen und Unternehmen genommen.<\/p>\n\n\n\n<p><strong>Liquidatoren<\/strong><\/p>\n\n\n\n<p>Frank Hellwig (Sonderbeauftragter der BaFin)<\/p>\n\n\n\n<p>Miro Zadro<\/p>\n\n\n\n<p><strong>Vorsitzender des Aufsichtsrats<\/strong><\/p>\n\n\n\n<p>Dr. Peter Schad (Sonderbeauftragter der BaFin)<\/p>\n\n\n\n<hr class=\"wp-block-separator has-alpha-channel-opacity\"\/>\n\n\n\n<p><a id=\"_msocom_1\"><\/a><\/p>\n\n\n\n<p><\/p>\n\n\n\n<p class=\"has-neue-helvetica-55-roman-font-family\"><\/p>\n","protected":false},"excerpt":{"rendered":"<p>Aktuelle Situation bei der OWH SE i.L. Die Europ\u00e4ische Zentralbank und die Bundesanstalt f\u00fcr Finanzdienstleistungsaufsicht (BaFin) haben mit Wirkung zum 20.08.2024 die Bankerlaubnis der in Abwicklung befindlichen OWH SE i.L. aufgehoben. Weitere Informationen dazu unter diesem Link. Die au\u00dferordentliche Hauptversammlung der VTB Bank (Europe) SE i.L., Frankfurt am Main, hat am 11. Dezember 2023 eine [&hellip;]<\/p>\n","protected":false},"author":2,"featured_media":0,"parent":0,"menu_order":0,"comment_status":"closed","ping_status":"closed","template":"","meta":{"footnotes":""},"class_list":["post-423","page","type-page","status-publish","hentry"],"jetpack_sharing_enabled":true,"_links":{"self":[{"href":"https:\/\/owh.de\/de\/wp-json\/wp\/v2\/pages\/423","targetHints":{"allow":["GET"]}}],"collection":[{"href":"https:\/\/owh.de\/de\/wp-json\/wp\/v2\/pages"}],"about":[{"href":"https:\/\/owh.de\/de\/wp-json\/wp\/v2\/types\/page"}],"author":[{"embeddable":true,"href":"https:\/\/owh.de\/de\/wp-json\/wp\/v2\/users\/2"}],"replies":[{"embeddable":true,"href":"https:\/\/owh.de\/de\/wp-json\/wp\/v2\/comments?post=423"}],"version-history":[{"count":13,"href":"https:\/\/owh.de\/de\/wp-json\/wp\/v2\/pages\/423\/revisions"}],"predecessor-version":[{"id":1423,"href":"https:\/\/owh.de\/de\/wp-json\/wp\/v2\/pages\/423\/revisions\/1423"}],"wp:attachment":[{"href":"https:\/\/owh.de\/de\/wp-json\/wp\/v2\/media?parent=423"}],"curies":[{"name":"wp","href":"https:\/\/api.w.org\/{rel}","templated":true}]}}