{"id":1519,"date":"2025-07-08T16:10:10","date_gmt":"2025-07-08T14:10:10","guid":{"rendered":"https:\/\/owh.de\/?page_id=1519"},"modified":"2025-07-09T15:03:34","modified_gmt":"2025-07-09T13:03:34","slug":"owh-se-i-l-veroeffentlicht-jahresabschluss-fuer-2024","status":"publish","type":"page","link":"https:\/\/owh.de\/de\/owh-se-i-l-veroeffentlicht-jahresabschluss-fuer-2024\/","title":{"rendered":"OWH SE i.L. ver\u00f6ffentlicht Jahresabschluss f\u00fcr 2024"},"content":{"rendered":"\n<p><strong>Liquidation der Gesellschaft schreitet voran, rechtliche Komplexit\u00e4t nimmt zu<\/strong><\/p>\n\n\n\n<p>09.07.2025\u00a0\u00a0\u00a0\u00a0\u00a0\u00a0\u00a0\u00a0\u00a0\u00a0\u00a0\u00a0\u00a0\u00a0\u00a0\u00a0\u00a0\u00a0\u00a0\u00a0\u00a0\u00a0\u00a0\u00a0\u00a0\u00a0\u00a0\u00a0\u00a0\u00a0\u00a0\u00a0\u00a0\u00a0\u00a0\u00a0\u00a0\u00a0\u00a0\u00a0\u00a0\u00a0\u00a0\u00a0\u00a0\u00a0\u00a0\u00a0\u00a0\u00a0\u00a0\u00a0\u00a0<\/p>\n\n\n\n<p>Im Gesch\u00e4ftsjahr 2024 hat die sich in Liquidation befindliche Frankfurter Gesellschaft OWH SE i.L. (OWH) ihre Bilanzsumme um rund 5,6 Prozent von EUR 2,40 Mrd. auf EUR 2,27 Mrd. reduziert. Wie in den Vorjahren konnten vor allem vergebene Kredite zur\u00fcckgef\u00fchrt werden. Dadurch verringerte sich dieser wichtige Parameter f\u00fcr die Abwicklung, die Forderungen an Kunden, im Jahresvergleich um rund 25 Prozent von EUR 1,53 Mrd. auf EUR 1,15 Mrd.<\/p>\n\n\n\n<p>Gleichzeitig erh\u00f6hten sich die Forderungen an Kreditinstitute von EUR 68,3 Mio. auf 561,7 Mio. deutlich, da die OWH die R\u00fcckzahlungen zinsbringend anlegen kann. Die Verbindlichkeiten gegen\u00fcber Kreditinstituten und Kunden lagen zum Bilanzstichtag bei rund EUR 359 Mio. Nachrangige Verbindlichkeiten bestanden in H\u00f6he von EUR 836 Mio.<\/p>\n\n\n\n<p>Der Jahresfehlbetrag des Gesch\u00e4ftsjahres betr\u00e4gt EUR 8,2 Mio.<\/p>\n\n\n\n<p>\u201eEs ist uns 2024 erneut gelungen, Kreditforderungen teilweise auch vorzeitig zur\u00fcckzuf\u00fchren,\u201c sagt CFO Miro Zadro, einer der beiden Liquidatoren der OWH. \u201eAber wir merken auch, dass der Anteil der Engagements, deren Abwicklung mit komplexen juristischen Auseinandersetzungen verbunden ist, weiter ansteigt.\u201c Zahlreiche Verfahren laufen in unterschiedlichen Jurisdiktionen vor in- und ausl\u00e4ndischen Gerichten unter anderem vor dem Hintergrund eines sich schnell \u00e4ndernden Sanktionsrechts. Sie werden teilweise zur Durchsetzung von Forderungen durch die OWH selbst angestrengt. Sie richten sich aber ebenso von anderer Seite gegen die OWH, weil von der OWH durchgesetzte oder angek\u00fcndigte Transaktionen juristisch angegriffen werden.<\/p>\n\n\n\n<p>Ein weiterer wichtiger Schritt zur Abwicklung erfolgte am 24. Juni 2025 mit dem Beschluss der Hauptversammlung, bestehende Pensionsverpflichtungen gegen\u00fcber ehemaligen Mitarbeitern auf eine speziell zu diesem Zweck gegr\u00fcndete Rentnergesellschaft zu \u00fcbertragen und diese an einen geeigneten Bieter zu ver\u00e4u\u00dfern.\u00a0\u00a0\u00a0 \u00a0<\/p>\n\n\n\n<p>Der Gesch\u00e4ftsbericht 2024 mit allen Details und weiteren Erl\u00e4uterungen steht auf der Website der OWH unter folgendem&nbsp;<a href=\"https:\/\/owh.de\/wp-content\/uploads\/2025\/07\/Geschaftsbericht-OWH-SE-iL-2024.pdf\" target=\"_blank\" rel=\"noreferrer noopener\">Link<\/a>&nbsp;zum Download bereit.<\/p>\n\n\n\n<p><\/p>\n","protected":false},"excerpt":{"rendered":"<p>Liquidation der Gesellschaft schreitet voran, rechtliche Komplexit\u00e4t nimmt zu 09.07.2025\u00a0\u00a0\u00a0\u00a0\u00a0\u00a0\u00a0\u00a0\u00a0\u00a0\u00a0\u00a0\u00a0\u00a0\u00a0\u00a0\u00a0\u00a0\u00a0\u00a0\u00a0\u00a0\u00a0\u00a0\u00a0\u00a0\u00a0\u00a0\u00a0\u00a0\u00a0\u00a0\u00a0\u00a0\u00a0\u00a0\u00a0\u00a0\u00a0\u00a0\u00a0\u00a0\u00a0\u00a0\u00a0\u00a0\u00a0\u00a0\u00a0\u00a0\u00a0\u00a0\u00a0 Im Gesch\u00e4ftsjahr 2024 hat die sich in Liquidation befindliche Frankfurter Gesellschaft OWH SE i.L. (OWH) ihre Bilanzsumme um rund 5,6 Prozent von EUR 2,40 Mrd. auf EUR 2,27 Mrd. reduziert. Wie in den Vorjahren konnten vor allem vergebene Kredite zur\u00fcckgef\u00fchrt werden. Dadurch verringerte sich dieser [&hellip;]<\/p>\n","protected":false},"author":7,"featured_media":0,"parent":0,"menu_order":0,"comment_status":"closed","ping_status":"closed","template":"","meta":{"footnotes":""},"class_list":["post-1519","page","type-page","status-publish","hentry"],"jetpack_sharing_enabled":true,"_links":{"self":[{"href":"https:\/\/owh.de\/de\/wp-json\/wp\/v2\/pages\/1519","targetHints":{"allow":["GET"]}}],"collection":[{"href":"https:\/\/owh.de\/de\/wp-json\/wp\/v2\/pages"}],"about":[{"href":"https:\/\/owh.de\/de\/wp-json\/wp\/v2\/types\/page"}],"author":[{"embeddable":true,"href":"https:\/\/owh.de\/de\/wp-json\/wp\/v2\/users\/7"}],"replies":[{"embeddable":true,"href":"https:\/\/owh.de\/de\/wp-json\/wp\/v2\/comments?post=1519"}],"version-history":[{"count":5,"href":"https:\/\/owh.de\/de\/wp-json\/wp\/v2\/pages\/1519\/revisions"}],"predecessor-version":[{"id":1570,"href":"https:\/\/owh.de\/de\/wp-json\/wp\/v2\/pages\/1519\/revisions\/1570"}],"wp:attachment":[{"href":"https:\/\/owh.de\/de\/wp-json\/wp\/v2\/media?parent=1519"}],"curies":[{"name":"wp","href":"https:\/\/api.w.org\/{rel}","templated":true}]}}