{"id":1408,"date":"2024-08-20T16:12:26","date_gmt":"2024-08-20T14:12:26","guid":{"rendered":"https:\/\/owh.de\/?page_id=1408"},"modified":"2024-09-13T09:46:25","modified_gmt":"2024-09-13T07:46:25","slug":"owh-aufsicht-hebt-bankerlaubnis-auf","status":"publish","type":"page","link":"https:\/\/owh.de\/de\/owh-aufsicht-hebt-bankerlaubnis-auf\/","title":{"rendered":"OWH: Aufsicht hebt Bankerlaubnis auf"},"content":{"rendered":"\n<p><strong>Planm\u00e4\u00dfige Liquidation wird fortgesetzt<\/strong><\/p>\n\n\n\n<p>20.08.2024<\/p>\n\n\n\n<p>Die Europ\u00e4ische Zentralbank (EZB) und die Bundesanstalt f\u00fcr Finanzdienstleistungsaufsicht (BaFin) haben die OWH SE i.L. (OWH) dar\u00fcber informiert, dass mit Wirkung zum 20. August 2024 die Bankerlaubnis der OWH aufgehoben wird. Bei der in Abwicklung befindlichen OWH handelt es sich um die zum Jahreswechsel 2024 umbenannte ehemalige VTB Bank (Europe) SE i.L., deren Aktien mehrheitlich von der russischen PJSC VTB Bank, St. Petersburg gehalten werden. Gegen die PJSC VTB Bank sind umfangreiche internationale Sanktionsma\u00dfnahmen verh\u00e4ngt worden. Die OWH ist und bleibt gegen\u00fcber jeglichem Einfluss der PJSC VTB Bank umfassend durch von der BaFin veranlasste Ma\u00dfnahmen abgeschirmt. Sie wird daher von der zust\u00e4ndigen Bundesbank als in der EU nicht-sanktioniert angesehen. Daneben bestehen Abwicklungslizenzen der UK-Sanktionsbeh\u00f6rde OFSI. Die amerikanische Sanktionsbeh\u00f6rde OFAC hat die OWH Anfang April von der Liste der sanktionierten Einheiten und Personen gestrichen.<\/p>\n\n\n\n<p>\u201eDie Aufhebung der Bankerlaubnis ist der n\u00e4chste Schritt der fortgesetzten Abwicklung der OWH,\u201c sagt Frank Hellwig, Sonderbeauftragter der BaFin und einer der Liquidatoren der OWH. \u201eSie bringt f\u00fcr die Abwicklung einige wesentliche Erleichterungen in unserer t\u00e4glichen Arbeit, insbesondere bei unseren regulatorischen Verpflichtungen.\u201c<\/p>\n\n\n\n<p>Grundlage f\u00fcr die Erlaubnisaufhebung ist unter anderem \u00a7 35 Abs. 2a Kreditwesengesetzes (KWG). Danach soll die Erlaubnis von der zust\u00e4ndigen Aufsichtsbeh\u00f6rde entzogen werden, wenn die Aufl\u00f6sung des Instituts beschlossen worden ist. Dieser Liquidationsbeschluss wurde von der Hauptversammlung der OWH bereits am 24. M\u00e4rz 2023 gefasst. Dar\u00fcber hinaus sieht die Aufsicht einen weiteren Grund f\u00fcr eine Aufhebung der Bankerlaubnis darin, dass die russische Eigent\u00fcmerin als nicht zuverl\u00e4ssig im Sinne des KWG einzustufen ist.<\/p>\n\n\n\n<p>Die Liquidation der OWH ist bereits weit fortgeschritten. So ist die als Niederlassung gef\u00fchrte ehemalige VTB Direktbank, die zum Jahresende 2021, also vor dem Angriff Russlands auf die Ukraine, noch mehr als 160 000 Kunden hatte, abgewickelt und aufgel\u00f6st. S\u00e4mtliche Einlagen wurden vertragsgem\u00e4\u00df an die vornehmlich deutschen Kunden zur\u00fcckbezahlt.<\/p>\n\n\n\n<p>Dar\u00fcber hinaus konnten Dienstleistungen und Funktionen, die f\u00fcr die verbleibende Abwicklung noch erforderlich sind, weitreichend ausgelagert werden. \u201eDas ist eine wichtige Ma\u00dfnahme zur weiteren geordneten Liquidation. Die OWH ist heute eines der ganz wenigen Institute in Deutschland, die ihre komplette IT in die Cloud verlagert haben,\u201c sagt Chief Operating Officer Hans-Georg Herrmann, \u201edas bringt uns f\u00fcr das weitere Runterfahren der verbliebenen Gesch\u00e4fte und Applikationen erhebliche Flexibilit\u00e4t und ist sehr viel kosteng\u00fcnstiger als weiterhin eine eigene IT-Infrastruktur nur f\u00fcr die Abwicklung zu betreiben.\u201c<\/p>\n\n\n\n<p>Insgesamt stehen in den B\u00fcchern der OWH noch rund 1,5 Mrd. EUR Kreditforderungen denen insgesamt rund 0,6 Mrd. EUR Verbindlichkeit gegen\u00fcber Unternehmen und Kreditinstituten gegen\u00fcberstehen. Die wertschonende R\u00fcckf\u00fchrung der Aktiva bleibt die zentrale Aufgabe bei der Liquidation der Gesellschaft auch nach dem Entzug der Bankerlaubnis.<\/p>\n\n\n\n<p>Trotz der Aufhebung der Bankerlaubnis bleibt es der OWH gestattet ein Konto bei der Deutschen Bundesbank zu f\u00fchren. \u201eDies ist f\u00fcr die OWH sehr wichtig, weil es die weitere R\u00fcckf\u00fchrung von Forderungen der OWH insbesondere gegen\u00fcber Kunden aus anderen L\u00e4ndern erleichtert,\u201c sagt Peter Petrik, Head of CIB (Corporate &amp; Investment Banking) der OWH, \u201ewenn die Bundesbank involviert ist, haben vor allem ausl\u00e4ndische Schuldner noch mehr Zutrauen in die Einhaltung aller sanktionsrechtlichen Vorschriften. Das Bundesbankkonto erleichtert Zahlungen an die OWH, die auch weiterhin im gesamten Abwicklungsprozess eng von den deutschen Aufsichtsbeh\u00f6rden \u00fcberwacht wird.\u201c&nbsp;<\/p>\n\n\n\n<p>Die OWH hat mit der Ver\u00f6ffentlichung des Jahresabschlusses bereits detailliert \u00fcber das Ergebnis des Gesch\u00e4ftsjahres 2023 und die Fortschritte bei der Liquidation berichtet.<\/p>\n","protected":false},"excerpt":{"rendered":"<p>Planm\u00e4\u00dfige Liquidation wird fortgesetzt 20.08.2024 Die Europ\u00e4ische Zentralbank (EZB) und die Bundesanstalt f\u00fcr Finanzdienstleistungsaufsicht (BaFin) haben die OWH SE i.L. (OWH) dar\u00fcber informiert, dass mit Wirkung zum 20. August 2024 die Bankerlaubnis der OWH aufgehoben wird. Bei der in Abwicklung befindlichen OWH handelt es sich um die zum Jahreswechsel 2024 umbenannte ehemalige VTB Bank (Europe) [&hellip;]<\/p>\n","protected":false},"author":7,"featured_media":0,"parent":0,"menu_order":0,"comment_status":"closed","ping_status":"closed","template":"","meta":{"footnotes":""},"class_list":["post-1408","page","type-page","status-publish","hentry"],"jetpack_sharing_enabled":true,"_links":{"self":[{"href":"https:\/\/owh.de\/de\/wp-json\/wp\/v2\/pages\/1408","targetHints":{"allow":["GET"]}}],"collection":[{"href":"https:\/\/owh.de\/de\/wp-json\/wp\/v2\/pages"}],"about":[{"href":"https:\/\/owh.de\/de\/wp-json\/wp\/v2\/types\/page"}],"author":[{"embeddable":true,"href":"https:\/\/owh.de\/de\/wp-json\/wp\/v2\/users\/7"}],"replies":[{"embeddable":true,"href":"https:\/\/owh.de\/de\/wp-json\/wp\/v2\/comments?post=1408"}],"version-history":[{"count":3,"href":"https:\/\/owh.de\/de\/wp-json\/wp\/v2\/pages\/1408\/revisions"}],"predecessor-version":[{"id":1448,"href":"https:\/\/owh.de\/de\/wp-json\/wp\/v2\/pages\/1408\/revisions\/1448"}],"wp:attachment":[{"href":"https:\/\/owh.de\/de\/wp-json\/wp\/v2\/media?parent=1408"}],"curies":[{"name":"wp","href":"https:\/\/api.w.org\/{rel}","templated":true}]}}