{"id":1279,"date":"2024-06-27T17:12:35","date_gmt":"2024-06-27T15:12:35","guid":{"rendered":"https:\/\/owh.de\/owh-i-l-veroeffentlicht-jahresabschluesse-fuer-2023\/"},"modified":"2024-08-21T08:54:20","modified_gmt":"2024-08-21T06:54:20","slug":"owh-i-l-veroeffentlicht-jahresabschluesse-fuer-2023","status":"publish","type":"page","link":"https:\/\/owh.de\/de\/owh-i-l-veroeffentlicht-jahresabschluesse-fuer-2023\/","title":{"rendered":"OWH SE i.L. ver\u00f6ffentlicht Jahresabschluss f\u00fcr 2023"},"content":{"rendered":"\n<p><strong>Liquidatoren zufrieden mit dem Fortschritt bei der Abwicklung<\/strong><\/p>\n\n\n\n<p>27.06.2024<\/p>\n\n\n\n<p>Im vergangenen Rumpfgesch\u00e4ftsjahr vom 1. April 2023 bis 31. Dezember 2023 konnte die in Liquidation befindliche Frankfurter Gesellschaft OWH SE i.L. (OWH) ihre Bilanzsumme um rund ein Drittel von EUR 3,6 Mrd. auf EUR 2,4 Mrd. reduzieren. Der starke R\u00fcckgang ist vor allem auf die weitere R\u00fcckf\u00fchrung von vergebenen Krediten zur\u00fcckzuf\u00fchren. So verringerten sich die Forderungen an Kunden von EUR 2,1 Mrd. auf EUR 1,5 Mrd.<\/p>\n\n\n\n<p>Der Jahresfehlbetrag des Rumpfgesch\u00e4ftsjahres betr\u00e4gt EUR 0,022 Mrd. Der Summe der noch bestehenden Verbindlichkeiten von rund EUR 1,1 Mrd. stehen Forderungen an Kreditinstitute und Kunden in H\u00f6he von rund EUR 1,7 Mrd. gegen\u00fcber Dar\u00fcber hinaus verf\u00fcgt die OWH zum Jahresende 2023 \u00fcber Barreserven in H\u00f6he von \u00fcber EUR 0,2 Mrd. und ein Eigenkapital von EUR 0,9 Mrd.<\/p>\n\n\n\n<p>\u201eWir sind mit dem Fortschritt der Abwicklung sehr zufrieden,\u201c sagt CFO Miro Zadro, einer der beiden Liquidatoren der OWH. \u201eEs ist uns gelungen, in weit gr\u00f6\u00dferem Umfang als erhofft, Kreditengagements vorzeitig zur\u00fcckbezahlt zu bekommen. Dar\u00fcber hinaus ist und bleibt die OWH komfortabel finanziert. Wir sind sehr optimistisch, dass wir die Liquidation der OWH mit einem guten Ergebnis abschlie\u00dfen werden.\u201c <\/p>\n\n\n\n<p>Der Gesch\u00e4ftsbericht mit allen Details und weiteren Erl\u00e4uterungen steht auf der Website der OWH unter folgendem <a href=\"https:\/\/owh.de\/wp-content\/uploads\/2024\/06\/Geschaftsbericht-2023_neu.pdf\" data-type=\"link\" data-id=\"https:\/\/owh.de\/wp-content\/uploads\/2024\/06\/Geschaftsbericht-2023_neu.pdf\" target=\"_blank\" rel=\"noreferrer noopener\">Link<\/a> zum Download bereit.<\/p>\n","protected":false},"excerpt":{"rendered":"<p>Liquidatoren zufrieden mit dem Fortschritt bei der Abwicklung 27.06.2024 Im vergangenen Rumpfgesch\u00e4ftsjahr vom 1. April 2023 bis 31. Dezember 2023 konnte die in Liquidation befindliche Frankfurter Gesellschaft OWH SE i.L. (OWH) ihre Bilanzsumme um rund ein Drittel von EUR 3,6 Mrd. auf EUR 2,4 Mrd. reduzieren. Der starke R\u00fcckgang ist vor allem auf die weitere [&hellip;]<\/p>\n","protected":false},"author":2,"featured_media":0,"parent":0,"menu_order":0,"comment_status":"closed","ping_status":"closed","template":"","meta":{"footnotes":""},"class_list":["post-1279","page","type-page","status-publish","hentry"],"jetpack_sharing_enabled":true,"_links":{"self":[{"href":"https:\/\/owh.de\/de\/wp-json\/wp\/v2\/pages\/1279","targetHints":{"allow":["GET"]}}],"collection":[{"href":"https:\/\/owh.de\/de\/wp-json\/wp\/v2\/pages"}],"about":[{"href":"https:\/\/owh.de\/de\/wp-json\/wp\/v2\/types\/page"}],"author":[{"embeddable":true,"href":"https:\/\/owh.de\/de\/wp-json\/wp\/v2\/users\/2"}],"replies":[{"embeddable":true,"href":"https:\/\/owh.de\/de\/wp-json\/wp\/v2\/comments?post=1279"}],"version-history":[{"count":12,"href":"https:\/\/owh.de\/de\/wp-json\/wp\/v2\/pages\/1279\/revisions"}],"predecessor-version":[{"id":1518,"href":"https:\/\/owh.de\/de\/wp-json\/wp\/v2\/pages\/1279\/revisions\/1518"}],"wp:attachment":[{"href":"https:\/\/owh.de\/de\/wp-json\/wp\/v2\/media?parent=1279"}],"curies":[{"name":"wp","href":"https:\/\/api.w.org\/{rel}","templated":true}]}}