{"id":1238,"date":"2024-04-24T16:56:20","date_gmt":"2024-04-24T14:56:20","guid":{"rendered":"https:\/\/owh.de\/us-sanktionsbehoerde-ofac-kuendigt-de-listing-an\/"},"modified":"2024-04-24T17:24:51","modified_gmt":"2024-04-24T15:24:51","slug":"us-sanktionsbehoerde-ofac-kuendigt-de-listing-an","status":"publish","type":"page","link":"https:\/\/owh.de\/de\/us-sanktionsbehoerde-ofac-kuendigt-de-listing-an\/","title":{"rendered":"US-Sanktionsbeh\u00f6rde OFAC k\u00fcndigt De-Listing an"},"content":{"rendered":"\n<p><strong>Streichung von der Liste der sanktionierten Unternehmen.<\/strong><\/p>\n\n\n\n<p>24.04.2024<\/p>\n\n\n\n<p>Die Sanktionsbeh\u00f6rde der Vereinigten Staaten von Amerika, das Office of Foreign Assets Control (OFAC), hat die OWH SE i.L (OWH), die vor ihrer Umbenennung als VTB Bank (Europe) SE firmierte, von der Liste der sanktionierten Unternehmen genommen. Dies ist eine Folge der Abschirmung durch die Bundesanstalt f\u00fcr Finanzdienstleistungsaufsicht (BaFin) gegen\u00fcber der russischen Mehrheitsaktion\u00e4rin VTB Bank PJSC. Mit diesem so genannten <a href=\"https:\/\/www.govinfo.gov\/content\/pkg\/FR-2024-04-08\/pdf\/2024-07306.pdf\">De-Listing<\/a> vom 08. April 2024 hat das OFAC erg\u00e4nzt durch eine erteilte <a href=\"https:\/\/ofac.treasury.gov\/media\/932831\/download?inline\">General License<\/a> am 19. April 2024 klargestellt, dass aus Sicht des US-Sanktionsrechts alle Transaktionen mit der OWH zul\u00e4ssig sind und eingefrorene US-Verm\u00f6gen der OWH dieser wieder zur freien Verf\u00fcgung stehen. Somit unterliegt die OWH weder in der Europ\u00e4ischen Union noch in den Vereinigten Staaten von Amerika Einschr\u00e4nkungen bei ihrer Abwicklung durch Sanktionen. Im Vereinigten K\u00f6nigreich verf\u00fcgt sie \u00fcber eine weitreichende Abwicklungslizenz.<\/p>\n\n\n\n<p>\u201eDie OWH wird selbstverst\u00e4ndlich auch nach dem jetzt erfolgten De-Listing alle US-Sanktionsvorschriften unter anderem gegen\u00fcber sanktionierten Personen und Unternehmen aus Russland einhalten, so wie wir es bisher getan haben\u201c sagt Frank Hellwig, der Sonderbeauftragte der BaFin und Liquidator bei der OWH. \u201eAllerdings vereinfacht sich hierdurch die Liquidation der OWH erheblich\u201c, f\u00fcgt der zweite Liquidator Miro Zadro hinzu. \u201eInsbesondere auf bislang eingefrorene Guthaben der OWH bei US-Banken ist nun der Zugriff rechtlich m\u00f6glich geworden. Wir haben den Dialog mit den betreffenden US-Banken aufgenommen, um wieder \u00fcber die dortigen Guthaben verf\u00fcgen zu k\u00f6nnen. In den n\u00e4chsten Wochen und Monaten werden wir mit den betroffenen Kunden nach M\u00f6glichkeiten und Wegen suchen, gegenseitige Forderungen und Verbindlichkeiten zu erf\u00fcllen und sie damit gem\u00e4\u00df dem Liquidationsauftrag aus unseren B\u00fcchern zu bekommen.\u201c<\/p>\n\n\n\n<p>Bereits im Februar 2022 hatte die BaFin weitreichende Anordnungen getroffen, um die Einhaltung der westlichen Sanktionen sicherzustellen, einen Abfluss an Geldern nach Russland zu verhindern und die Solvenz des Instituts zu sichern. Im April 2022 hat die BaFin der russischen Hauptaktion\u00e4rin VTB Bank PJSC untersagt, die Stimmrechte aus ihren Aktien an der OWH auszu\u00fcben. Auf Antrag der BaFin \u00fcbertrug das Amtsgericht Frankfurt am Main die Stimmrechte auf einen Treuh\u00e4nder. Diese Ma\u00dfnahmen f\u00fchren dazu, dass die Bank, die heute als OWH SE i.L. firmiert, vollst\u00e4ndig von ihrer russischen Muttergesellschaft und deren Konzern abgeschirmt ist.<\/p>\n\n\n\n<hr class=\"wp-block-separator has-alpha-channel-opacity\"\/>\n\n\n\n<p><a id=\"_msocom_1\"><\/a><\/p>\n\n\n\n<p><\/p>\n","protected":false},"excerpt":{"rendered":"<p>Streichung von der Liste der sanktionierten Unternehmen. 24.04.2024 Die Sanktionsbeh\u00f6rde der Vereinigten Staaten von Amerika, das Office of Foreign Assets Control (OFAC), hat die OWH SE i.L (OWH), die vor ihrer Umbenennung als VTB Bank (Europe) SE firmierte, von der Liste der sanktionierten Unternehmen genommen. Dies ist eine Folge der Abschirmung durch die Bundesanstalt f\u00fcr [&hellip;]<\/p>\n","protected":false},"author":2,"featured_media":0,"parent":0,"menu_order":0,"comment_status":"closed","ping_status":"closed","template":"","meta":{"footnotes":""},"class_list":["post-1238","page","type-page","status-publish","hentry"],"jetpack_sharing_enabled":true,"_links":{"self":[{"href":"https:\/\/owh.de\/de\/wp-json\/wp\/v2\/pages\/1238","targetHints":{"allow":["GET"]}}],"collection":[{"href":"https:\/\/owh.de\/de\/wp-json\/wp\/v2\/pages"}],"about":[{"href":"https:\/\/owh.de\/de\/wp-json\/wp\/v2\/types\/page"}],"author":[{"embeddable":true,"href":"https:\/\/owh.de\/de\/wp-json\/wp\/v2\/users\/2"}],"replies":[{"embeddable":true,"href":"https:\/\/owh.de\/de\/wp-json\/wp\/v2\/comments?post=1238"}],"version-history":[{"count":7,"href":"https:\/\/owh.de\/de\/wp-json\/wp\/v2\/pages\/1238\/revisions"}],"predecessor-version":[{"id":1245,"href":"https:\/\/owh.de\/de\/wp-json\/wp\/v2\/pages\/1238\/revisions\/1245"}],"wp:attachment":[{"href":"https:\/\/owh.de\/de\/wp-json\/wp\/v2\/media?parent=1238"}],"curies":[{"name":"wp","href":"https:\/\/api.w.org\/{rel}","templated":true}]}}